{"id":7838,"date":"2025-10-04T10:44:36","date_gmt":"2025-10-04T10:44:36","guid":{"rendered":"https:\/\/economia-sustentavel.com\/?page_id=7838"},"modified":"2025-10-04T11:17:14","modified_gmt":"2025-10-04T11:17:14","slug":"empreendedorismo","status":"publish","type":"page","link":"https:\/\/economia-sustentavel.com\/en\/empreendedorismo\/","title":{"rendered":"Entrepreneurship"},"content":{"rendered":"<div data-elementor-type=\"wp-page\" data-elementor-id=\"7838\" class=\"elementor elementor-7838\">\n\t\t\t\t\t\t<section class=\"elementor-section elementor-top-section elementor-element elementor-element-0cb1138 elementor-section-boxed elementor-section-height-default elementor-section-height-default\" data-id=\"0cb1138\" data-element_type=\"section\" data-e-type=\"section\">\n\t\t\t\t\t\t<div class=\"elementor-container elementor-column-gap-wider\">\n\t\t\t\t\t<div class=\"elementor-column elementor-col-100 elementor-top-column elementor-element elementor-element-2ad0c58\" data-id=\"2ad0c58\" data-element_type=\"column\" data-e-type=\"column\">\n\t\t\t<div class=\"elementor-widget-wrap elementor-element-populated\">\n\t\t\t\t\t\t<div class=\"elementor-element elementor-element-4b2a44d elementor-widget elementor-widget-heading\" data-id=\"4b2a44d\" data-element_type=\"widget\" data-e-type=\"widget\" data-widget_type=\"heading.default\">\n\t\t\t\t<div class=\"elementor-widget-container\">\n\t\t\t\t\t<h3 class=\"elementor-heading-title elementor-size-large\">Entrepreneurship<\/h3>\t\t\t\t<\/div>\n\t\t\t\t<\/div>\n\t\t\t\t<div class=\"elementor-element elementor-element-c3d46d4 elementor-widget-divider--view-line elementor-widget elementor-widget-divider\" data-id=\"c3d46d4\" data-element_type=\"widget\" data-e-type=\"widget\" data-widget_type=\"divider.default\">\n\t\t\t\t<div class=\"elementor-widget-container\">\n\t\t\t\t\t\t\t<div class=\"elementor-divider\">\n\t\t\t<span class=\"elementor-divider-separator\">\n\t\t\t\t\t\t<\/span>\n\t\t<\/div>\n\t\t\t\t\t\t<\/div>\n\t\t\t\t<\/div>\n\t\t\t\t<div class=\"elementor-element elementor-element-19a8492 elementor-widget elementor-widget-heading\" data-id=\"19a8492\" data-element_type=\"widget\" data-e-type=\"widget\" data-widget_type=\"heading.default\">\n\t\t\t\t<div class=\"elementor-widget-container\">\n\t\t\t\t\t<h2 class=\"elementor-heading-title elementor-size-default\">Turning Ideas into Reality<\/h2>\t\t\t\t<\/div>\n\t\t\t\t<\/div>\n\t\t\t\t<div class=\"elementor-element elementor-element-32baafd elementor-widget elementor-widget-text-editor\" data-id=\"32baafd\" data-element_type=\"widget\" data-e-type=\"widget\" data-widget_type=\"text-editor.default\">\n\t\t\t\t<div class=\"elementor-widget-container\">\n\t\t\t\t\t\t\t\t\t<p>For those who wish to start or develop their professional career, or for those with business acumen and entrepreneurial aspirations, the AESS Academy offers a comprehensive set of resources to develop your personal and professional skills. From self-awareness, career assessment, CV writing, or even the conception of an idea to its practical implementation, immerse yourself in development and entrepreneurship programmes that stimulate innovation, strategy and sustainable growth.<\/p>\t\t\t\t\t\t\t\t<\/div>\n\t\t\t\t<\/div>\n\t\t\t\t\t<\/div>\n\t\t<\/div>\n\t\t\t\t\t<\/div>\n\t\t<\/section>\n\t\t\t\t<section class=\"elementor-section elementor-top-section elementor-element elementor-element-516266b elementor-section-content-top elementor-section-boxed elementor-section-height-default elementor-section-height-default\" data-id=\"516266b\" data-element_type=\"section\" data-e-type=\"section\">\n\t\t\t\t\t\t<div class=\"elementor-container elementor-column-gap-default\">\n\t\t\t\t\t<div class=\"elementor-column elementor-col-50 elementor-top-column elementor-element elementor-element-0519288\" data-id=\"0519288\" data-element_type=\"column\" data-e-type=\"column\">\n\t\t\t<div class=\"elementor-widget-wrap elementor-element-populated\">\n\t\t\t\t\t\t<div class=\"elementor-element elementor-element-d382930 elementor-widget elementor-widget-text-editor\" data-id=\"d382930\" data-element_type=\"widget\" data-e-type=\"widget\" data-widget_type=\"text-editor.default\">\n\t\t\t\t<div class=\"elementor-widget-container\">\n\t\t\t\t\t\t\t\t\t<p>At AESS Academy, we believe that knowledge is the key to unlocking unlimited opportunities. Join us as we explore, learn, and grow together, building the foundations for a solid financial future and fuelling the entrepreneurial spirit within each of us.<\/p>\t\t\t\t\t\t\t\t<\/div>\n\t\t\t\t<\/div>\n\t\t\t\t<div class=\"elementor-element elementor-element-818fc4a elementor-widget elementor-widget-heading\" data-id=\"818fc4a\" data-element_type=\"widget\" data-e-type=\"widget\" data-widget_type=\"heading.default\">\n\t\t\t\t<div class=\"elementor-widget-container\">\n\t\t\t\t\t<h2 class=\"elementor-heading-title elementor-size-default\">In tune with your reality, we shape a unique path to your SUCCESS.<\/h2>\t\t\t\t<\/div>\n\t\t\t\t<\/div>\n\t\t\t\t<div class=\"elementor-element elementor-element-90912d0 elementor-widget elementor-widget-text-editor\" data-id=\"90912d0\" data-element_type=\"widget\" data-e-type=\"widget\" data-widget_type=\"text-editor.default\">\n\t\t\t\t<div class=\"elementor-widget-container\">\n\t\t\t\t\t\t\t\t\t<p>Therefore, if you want to achieve success as an employee, we offer the following methodology:<\/p>\t\t\t\t\t\t\t\t<\/div>\n\t\t\t\t<\/div>\n\t\t\t\t\t<\/div>\n\t\t<\/div>\n\t\t\t\t<div class=\"elementor-column elementor-col-50 elementor-top-column elementor-element elementor-element-336a6f4\" data-id=\"336a6f4\" data-element_type=\"column\" data-e-type=\"column\">\n\t\t\t<div class=\"elementor-widget-wrap elementor-element-populated\">\n\t\t\t\t\t\t<div class=\"elementor-element elementor-element-ba62873 elementor-widget elementor-widget-image\" data-id=\"ba62873\" data-element_type=\"widget\" data-e-type=\"widget\" data-widget_type=\"image.default\">\n\t\t\t\t<div class=\"elementor-widget-container\">\n\t\t\t\t\t\t\t\t\t\t\t\t\t\t\t<img fetchpriority=\"high\" decoding=\"async\" width=\"1707\" height=\"1677\" src=\"https:\/\/economia-sustentavel.com\/wp-content\/uploads\/2025\/10\/fa-barboza-QgCM4ZF9EMQ-unsplash-scaled-e1759574468390.jpg\" class=\"attachment-full size-full wp-image-7839\" alt=\"\" srcset=\"https:\/\/economia-sustentavel.com\/wp-content\/uploads\/2025\/10\/fa-barboza-QgCM4ZF9EMQ-unsplash-scaled-e1759574468390.jpg 1707w, https:\/\/economia-sustentavel.com\/wp-content\/uploads\/2025\/10\/fa-barboza-QgCM4ZF9EMQ-unsplash-scaled-e1759574468390-300x295.jpg 300w, https:\/\/economia-sustentavel.com\/wp-content\/uploads\/2025\/10\/fa-barboza-QgCM4ZF9EMQ-unsplash-scaled-e1759574468390-1024x1006.jpg 1024w, https:\/\/economia-sustentavel.com\/wp-content\/uploads\/2025\/10\/fa-barboza-QgCM4ZF9EMQ-unsplash-scaled-e1759574468390-768x755.jpg 768w, https:\/\/economia-sustentavel.com\/wp-content\/uploads\/2025\/10\/fa-barboza-QgCM4ZF9EMQ-unsplash-scaled-e1759574468390-1536x1509.jpg 1536w, https:\/\/economia-sustentavel.com\/wp-content\/uploads\/2025\/10\/fa-barboza-QgCM4ZF9EMQ-unsplash-scaled-e1759574468390-12x12.jpg 12w\" sizes=\"(max-width: 1707px) 100vw, 1707px\" \/>\t\t\t\t\t\t\t\t\t\t\t\t\t\t\t<\/div>\n\t\t\t\t<\/div>\n\t\t\t\t\t<\/div>\n\t\t<\/div>\n\t\t\t\t\t<\/div>\n\t\t<\/section>\n\t\t\t\t<section class=\"elementor-section elementor-top-section elementor-element elementor-element-49f3244 elementor-section-boxed elementor-section-height-default elementor-section-height-default\" data-id=\"49f3244\" data-element_type=\"section\" data-e-type=\"section\">\n\t\t\t\t\t\t<div class=\"elementor-container elementor-column-gap-wider\">\n\t\t\t\t\t<div class=\"elementor-column elementor-col-100 elementor-top-column elementor-element elementor-element-756c565\" data-id=\"756c565\" data-element_type=\"column\" data-e-type=\"column\">\n\t\t\t<div class=\"elementor-widget-wrap elementor-element-populated\">\n\t\t\t\t\t\t<div class=\"elementor-element elementor-element-dfb039c elementor-widget elementor-widget-heading\" data-id=\"dfb039c\" data-element_type=\"widget\" data-e-type=\"widget\" data-widget_type=\"heading.default\">\n\t\t\t\t<div class=\"elementor-widget-container\">\n\t\t\t\t\t<h3 class=\"elementor-heading-title elementor-size-large\">AESS \u2013 Assess, Structure and Surpass Your Professional Dream<\/h3>\t\t\t\t<\/div>\n\t\t\t\t<\/div>\n\t\t\t\t<div class=\"elementor-element elementor-element-89c34e4 elementor-widget-divider--view-line elementor-widget elementor-widget-divider\" data-id=\"89c34e4\" data-element_type=\"widget\" data-e-type=\"widget\" data-widget_type=\"divider.default\">\n\t\t\t\t<div class=\"elementor-widget-container\">\n\t\t\t\t\t\t\t<div class=\"elementor-divider\">\n\t\t\t<span class=\"elementor-divider-separator\">\n\t\t\t\t\t\t<\/span>\n\t\t<\/div>\n\t\t\t\t\t\t<\/div>\n\t\t\t\t<\/div>\n\t\t\t\t\t<\/div>\n\t\t<\/div>\n\t\t\t\t\t<\/div>\n\t\t<\/section>\n\t\t\t\t<section class=\"elementor-section elementor-top-section elementor-element elementor-element-fb384fc elementor-section-boxed elementor-section-height-default elementor-section-height-default\" data-id=\"fb384fc\" data-element_type=\"section\" data-e-type=\"section\">\n\t\t\t\t\t\t<div class=\"elementor-container elementor-column-gap-default\">\n\t\t\t\t\t<div class=\"elementor-column elementor-col-100 elementor-top-column elementor-element elementor-element-646b619\" data-id=\"646b619\" data-element_type=\"column\" data-e-type=\"column\">\n\t\t\t<div class=\"elementor-widget-wrap elementor-element-populated\">\n\t\t\t\t\t\t<div class=\"elementor-element elementor-element-5bc6f3d elementor-widget elementor-widget-heading\" data-id=\"5bc6f3d\" data-element_type=\"widget\" data-e-type=\"widget\" data-widget_type=\"heading.default\">\n\t\t\t\t<div class=\"elementor-widget-container\">\n\t\t\t\t\t<h2 class=\"elementor-heading-title elementor-size-default\">Rate (A):<\/h2>\t\t\t\t<\/div>\n\t\t\t\t<\/div>\n\t\t\t\t<div class=\"elementor-element elementor-element-8acb0b9 elementor-widget elementor-widget-text-editor\" data-id=\"8acb0b9\" data-element_type=\"widget\" data-e-type=\"widget\" data-widget_type=\"text-editor.default\">\n\t\t\t\t<div class=\"elementor-widget-container\">\n\t\t\t\t\t\t\t\t\t<p>Start your professional journey with a detailed assessment of your skills, interests, and experiences. Discover your strengths, weaknesses, and areas for growth to build a solid foundation.<\/p>\t\t\t\t\t\t\t\t<\/div>\n\t\t\t\t<\/div>\n\t\t\t\t<div class=\"elementor-element elementor-element-7e63be6 elementor-widget elementor-widget-heading\" data-id=\"7e63be6\" data-element_type=\"widget\" data-e-type=\"widget\" data-widget_type=\"heading.default\">\n\t\t\t\t<div class=\"elementor-widget-container\">\n\t\t\t\t\t<h2 class=\"elementor-heading-title elementor-size-default\">Structure (E):<\/h2>\t\t\t\t<\/div>\n\t\t\t\t<\/div>\n\t\t\t\t<div class=\"elementor-element elementor-element-30927bc elementor-widget elementor-widget-text-editor\" data-id=\"30927bc\" data-element_type=\"widget\" data-e-type=\"widget\" data-widget_type=\"text-editor.default\">\n\t\t\t\t<div class=\"elementor-widget-container\">\n\t\t\t\t\t\t\t\t\t<p>Structure a personalised plan to realign your career.<br \/>Identify professional goals, set milestones, and create a framework to guide your next steps.<\/p>\t\t\t\t\t\t\t\t<\/div>\n\t\t\t\t<\/div>\n\t\t\t\t<div class=\"elementor-element elementor-element-4d79f94 elementor-widget elementor-widget-heading\" data-id=\"4d79f94\" data-element_type=\"widget\" data-e-type=\"widget\" data-widget_type=\"heading.default\">\n\t\t\t\t<div class=\"elementor-widget-container\">\n\t\t\t\t\t<h2 class=\"elementor-heading-title elementor-size-default\">Overlay (S):<\/h2>\t\t\t\t<\/div>\n\t\t\t\t<\/div>\n\t\t\t\t<div class=\"elementor-element elementor-element-ac718c3 elementor-widget elementor-widget-text-editor\" data-id=\"ac718c3\" data-element_type=\"widget\" data-e-type=\"widget\" data-widget_type=\"text-editor.default\">\n\t\t\t\t<div class=\"elementor-widget-container\">\n\t\t\t\t\t\t\t\t\t<p>Stand out with a revamped, impressive CV. Highlight your<br \/>achievements, skills and experience in a way that captures the attention of potential employers.<\/p>\t\t\t\t\t\t\t\t<\/div>\n\t\t\t\t<\/div>\n\t\t\t\t<div class=\"elementor-element elementor-element-7ab072f elementor-widget elementor-widget-heading\" data-id=\"7ab072f\" data-element_type=\"widget\" data-e-type=\"widget\" data-widget_type=\"heading.default\">\n\t\t\t\t<div class=\"elementor-widget-container\">\n\t\t\t\t\t<h2 class=\"elementor-heading-title elementor-size-default\">Dream (S):<\/h2>\t\t\t\t<\/div>\n\t\t\t\t<\/div>\n\t\t\t\t<div class=\"elementor-element elementor-element-0e92796 elementor-widget elementor-widget-text-editor\" data-id=\"0e92796\" data-element_type=\"widget\" data-e-type=\"widget\" data-widget_type=\"text-editor.default\">\n\t\t\t\t<div class=\"elementor-widget-container\">\n\t\t\t\t\t\t\t\t\t<p>Dream and develop entrepreneurial skills tailored to the<br \/>organisational environment to gain visibility internally and also in the job market. Learn how to identify opportunities within the company structure, cultivate innovation and lead initiatives that drive growth, as well as realise your dream.<br \/>professional.<\/p>\t\t\t\t\t\t\t\t<\/div>\n\t\t\t\t<\/div>\n\t\t\t\t<div class=\"elementor-element elementor-element-faa3b9d elementor-widget elementor-widget-heading\" data-id=\"faa3b9d\" data-element_type=\"widget\" data-e-type=\"widget\" data-widget_type=\"heading.default\">\n\t\t\t\t<div class=\"elementor-widget-container\">\n\t\t\t\t\t<h2 class=\"elementor-heading-title elementor-size-default\">If you identify with the integrated solution of Assess, Structure and Achieve your\nProfessional Dream, each of the modules presented can function separately,\ncustomised to your needs.<\/h2>\t\t\t\t<\/div>\n\t\t\t\t<\/div>\n\t\t\t\t\t<\/div>\n\t\t<\/div>\n\t\t\t\t\t<\/div>\n\t\t<\/section>\n\t\t\t\t<\/div>","protected":false},"excerpt":{"rendered":"<p>Empreendedorismo Transformando Ideias em Realidade Para aqueles que pretendem iniciar ou desenvolver o seu percurso profissional ou para aqueles com vis\u00e3o de neg\u00f3cio e aspira\u00e7\u00f5es empreendedoras, a Academia AESS oferece um conjunto abrangente de recursos para desenvolver as suas compet\u00eancias pessoais e profissionais. Desde o autoconhecimento, avalia\u00e7\u00e3o de percurso, elabora\u00e7\u00e3o de C.V, ou mesmo da [&hellip;]<\/p>\n","protected":false},"author":3,"featured_media":0,"parent":0,"menu_order":0,"comment_status":"closed","ping_status":"closed","template":"elementor_header_footer","meta":{"footnotes":""},"class_list":["post-7838","page","type-page","status-publish","hentry"],"yoast_head":"<!-- This site is optimized with the Yoast SEO plugin v27.2 - https:\/\/yoast.com\/product\/yoast-seo-wordpress\/ -->\n<title>Empreendedorismo - AESS economia sustentavel<\/title>\n<meta name=\"robots\" content=\"index, follow, max-snippet:-1, max-image-preview:large, max-video-preview:-1\" \/>\n<link rel=\"canonical\" href=\"https:\/\/economia-sustentavel.com\/en\/empreendedorismo\/\" \/>\n<meta property=\"og:locale\" content=\"en_GB\" \/>\n<meta property=\"og:type\" content=\"article\" \/>\n<meta property=\"og:title\" content=\"Empreendedorismo - AESS economia sustentavel\" \/>\n<meta property=\"og:description\" content=\"Empreendedorismo Transformando Ideias em Realidade Para aqueles que pretendem iniciar ou desenvolver o seu percurso profissional ou para aqueles com vis\u00e3o de neg\u00f3cio e aspira\u00e7\u00f5es empreendedoras, a Academia AESS oferece um conjunto abrangente de recursos para desenvolver as suas compet\u00eancias pessoais e profissionais. Desde o autoconhecimento, avalia\u00e7\u00e3o de percurso, elabora\u00e7\u00e3o de C.V, ou mesmo da [&hellip;]\" \/>\n<meta property=\"og:url\" content=\"https:\/\/economia-sustentavel.com\/en\/empreendedorismo\/\" \/>\n<meta property=\"og:site_name\" content=\"AESS economia sustentavel\" \/>\n<meta property=\"article:modified_time\" content=\"2025-10-04T11:17:14+00:00\" \/>\n<meta property=\"og:image\" content=\"https:\/\/economia-sustentavel.com\/wp-content\/uploads\/2025\/10\/fa-barboza-QgCM4ZF9EMQ-unsplash-scaled-e1759574468390.jpg\" \/>\n\t<meta property=\"og:image:width\" content=\"1707\" \/>\n\t<meta property=\"og:image:height\" content=\"1677\" \/>\n\t<meta property=\"og:image:type\" content=\"image\/jpeg\" \/>\n<meta name=\"twitter:card\" content=\"summary_large_image\" \/>\n<meta name=\"twitter:label1\" content=\"Estimated reading time\" \/>\n\t<meta name=\"twitter:data1\" content=\"2 minutes\" \/>\n<script type=\"application\/ld+json\" class=\"yoast-schema-graph\">{\"@context\":\"https:\/\/schema.org\",\"@graph\":[{\"@type\":\"WebPage\",\"@id\":\"https:\/\/economia-sustentavel.com\/empreendedorismo\/\",\"url\":\"https:\/\/economia-sustentavel.com\/empreendedorismo\/\",\"name\":\"Empreendedorismo - AESS economia sustentavel\",\"isPartOf\":{\"@id\":\"https:\/\/economia-sustentavel.com\/#website\"},\"primaryImageOfPage\":{\"@id\":\"https:\/\/economia-sustentavel.com\/empreendedorismo\/#primaryimage\"},\"image\":{\"@id\":\"https:\/\/economia-sustentavel.com\/empreendedorismo\/#primaryimage\"},\"thumbnailUrl\":\"https:\/\/economia-sustentavel.com\/wp-content\/uploads\/2025\/10\/fa-barboza-QgCM4ZF9EMQ-unsplash-scaled-e1759574468390.jpg\",\"datePublished\":\"2025-10-04T10:44:36+00:00\",\"dateModified\":\"2025-10-04T11:17:14+00:00\",\"breadcrumb\":{\"@id\":\"https:\/\/economia-sustentavel.com\/empreendedorismo\/#breadcrumb\"},\"inLanguage\":\"en-GB\",\"potentialAction\":[{\"@type\":\"ReadAction\",\"target\":[\"https:\/\/economia-sustentavel.com\/empreendedorismo\/\"]}]},{\"@type\":\"ImageObject\",\"inLanguage\":\"en-GB\",\"@id\":\"https:\/\/economia-sustentavel.com\/empreendedorismo\/#primaryimage\",\"url\":\"https:\/\/economia-sustentavel.com\/wp-content\/uploads\/2025\/10\/fa-barboza-QgCM4ZF9EMQ-unsplash-scaled-e1759574468390.jpg\",\"contentUrl\":\"https:\/\/economia-sustentavel.com\/wp-content\/uploads\/2025\/10\/fa-barboza-QgCM4ZF9EMQ-unsplash-scaled-e1759574468390.jpg\"},{\"@type\":\"BreadcrumbList\",\"@id\":\"https:\/\/economia-sustentavel.com\/empreendedorismo\/#breadcrumb\",\"itemListElement\":[{\"@type\":\"ListItem\",\"position\":1,\"name\":\"Home\",\"item\":\"https:\/\/economia-sustentavel.com\/\"},{\"@type\":\"ListItem\",\"position\":2,\"name\":\"Empreendedorismo\"}]},{\"@type\":\"WebSite\",\"@id\":\"https:\/\/economia-sustentavel.com\/#website\",\"url\":\"https:\/\/economia-sustentavel.com\/\",\"name\":\"AESS economia sustentavel\",\"description\":\"Just another WordPress site\",\"potentialAction\":[{\"@type\":\"SearchAction\",\"target\":{\"@type\":\"EntryPoint\",\"urlTemplate\":\"https:\/\/economia-sustentavel.com\/?s={search_term_string}\"},\"query-input\":{\"@type\":\"PropertyValueSpecification\",\"valueRequired\":true,\"valueName\":\"search_term_string\"}}],\"inLanguage\":\"en-GB\"}]}<\/script>\n<!-- \/ Yoast SEO plugin. -->","yoast_head_json":{"title":"Empreendedorismo - AESS economia sustentavel","robots":{"index":"index","follow":"follow","max-snippet":"max-snippet:-1","max-image-preview":"max-image-preview:large","max-video-preview":"max-video-preview:-1"},"canonical":"https:\/\/economia-sustentavel.com\/en\/empreendedorismo\/","og_locale":"en_GB","og_type":"article","og_title":"Empreendedorismo - AESS economia sustentavel","og_description":"Empreendedorismo Transformando Ideias em Realidade Para aqueles que pretendem iniciar ou desenvolver o seu percurso profissional ou para aqueles com vis\u00e3o de neg\u00f3cio e aspira\u00e7\u00f5es empreendedoras, a Academia AESS oferece um conjunto abrangente de recursos para desenvolver as suas compet\u00eancias pessoais e profissionais. Desde o autoconhecimento, avalia\u00e7\u00e3o de percurso, elabora\u00e7\u00e3o de C.V, ou mesmo da [&hellip;]","og_url":"https:\/\/economia-sustentavel.com\/en\/empreendedorismo\/","og_site_name":"AESS economia sustentavel","article_modified_time":"2025-10-04T11:17:14+00:00","og_image":[{"width":1707,"height":1677,"url":"https:\/\/economia-sustentavel.com\/wp-content\/uploads\/2025\/10\/fa-barboza-QgCM4ZF9EMQ-unsplash-scaled-e1759574468390.jpg","type":"image\/jpeg"}],"twitter_card":"summary_large_image","twitter_misc":{"Estimated reading time":"2 minutes"},"schema":{"@context":"https:\/\/schema.org","@graph":[{"@type":"WebPage","@id":"https:\/\/economia-sustentavel.com\/empreendedorismo\/","url":"https:\/\/economia-sustentavel.com\/empreendedorismo\/","name":"Empreendedorismo - AESS economia sustentavel","isPartOf":{"@id":"https:\/\/economia-sustentavel.com\/#website"},"primaryImageOfPage":{"@id":"https:\/\/economia-sustentavel.com\/empreendedorismo\/#primaryimage"},"image":{"@id":"https:\/\/economia-sustentavel.com\/empreendedorismo\/#primaryimage"},"thumbnailUrl":"https:\/\/economia-sustentavel.com\/wp-content\/uploads\/2025\/10\/fa-barboza-QgCM4ZF9EMQ-unsplash-scaled-e1759574468390.jpg","datePublished":"2025-10-04T10:44:36+00:00","dateModified":"2025-10-04T11:17:14+00:00","breadcrumb":{"@id":"https:\/\/economia-sustentavel.com\/empreendedorismo\/#breadcrumb"},"inLanguage":"en-GB","potentialAction":[{"@type":"ReadAction","target":["https:\/\/economia-sustentavel.com\/empreendedorismo\/"]}]},{"@type":"ImageObject","inLanguage":"en-GB","@id":"https:\/\/economia-sustentavel.com\/empreendedorismo\/#primaryimage","url":"https:\/\/economia-sustentavel.com\/wp-content\/uploads\/2025\/10\/fa-barboza-QgCM4ZF9EMQ-unsplash-scaled-e1759574468390.jpg","contentUrl":"https:\/\/economia-sustentavel.com\/wp-content\/uploads\/2025\/10\/fa-barboza-QgCM4ZF9EMQ-unsplash-scaled-e1759574468390.jpg"},{"@type":"BreadcrumbList","@id":"https:\/\/economia-sustentavel.com\/empreendedorismo\/#breadcrumb","itemListElement":[{"@type":"ListItem","position":1,"name":"Home","item":"https:\/\/economia-sustentavel.com\/"},{"@type":"ListItem","position":2,"name":"Empreendedorismo"}]},{"@type":"WebSite","@id":"https:\/\/economia-sustentavel.com\/#website","url":"https:\/\/economia-sustentavel.com\/","name":"AESS economia sustentavel","description":"Just another WordPress site","potentialAction":[{"@type":"SearchAction","target":{"@type":"EntryPoint","urlTemplate":"https:\/\/economia-sustentavel.com\/?s={search_term_string}"},"query-input":{"@type":"PropertyValueSpecification","valueRequired":true,"valueName":"search_term_string"}}],"inLanguage":"en-GB"}]}},"_links":{"self":[{"href":"https:\/\/economia-sustentavel.com\/en\/wp-json\/wp\/v2\/pages\/7838","targetHints":{"allow":["GET"]}}],"collection":[{"href":"https:\/\/economia-sustentavel.com\/en\/wp-json\/wp\/v2\/pages"}],"about":[{"href":"https:\/\/economia-sustentavel.com\/en\/wp-json\/wp\/v2\/types\/page"}],"author":[{"embeddable":true,"href":"https:\/\/economia-sustentavel.com\/en\/wp-json\/wp\/v2\/users\/3"}],"replies":[{"embeddable":true,"href":"https:\/\/economia-sustentavel.com\/en\/wp-json\/wp\/v2\/comments?post=7838"}],"version-history":[{"count":9,"href":"https:\/\/economia-sustentavel.com\/en\/wp-json\/wp\/v2\/pages\/7838\/revisions"}],"predecessor-version":[{"id":7873,"href":"https:\/\/economia-sustentavel.com\/en\/wp-json\/wp\/v2\/pages\/7838\/revisions\/7873"}],"wp:attachment":[{"href":"https:\/\/economia-sustentavel.com\/en\/wp-json\/wp\/v2\/media?parent=7838"}],"curies":[{"name":"wp","href":"https:\/\/api.w.org\/{rel}","templated":true}]}}