{"id":7572,"date":"2023-04-18T11:53:50","date_gmt":"2023-04-18T11:53:50","guid":{"rendered":"https:\/\/economia-sustentavel.com\/?page_id=7572"},"modified":"2025-10-04T08:05:14","modified_gmt":"2025-10-04T08:05:14","slug":"first-step-program","status":"publish","type":"page","link":"https:\/\/economia-sustentavel.com\/en\/first-step-program\/","title":{"rendered":"First step Programme"},"content":{"rendered":"<div data-elementor-type=\"wp-page\" data-elementor-id=\"7572\" class=\"elementor elementor-7572\">\n\t\t\t\t\t\t<section class=\"elementor-section elementor-top-section elementor-element elementor-element-1a1ddfd elementor-section-boxed elementor-section-height-default elementor-section-height-default\" data-id=\"1a1ddfd\" data-element_type=\"section\" data-e-type=\"section\">\n\t\t\t\t\t\t<div class=\"elementor-container elementor-column-gap-default\">\n\t\t\t\t\t<div class=\"elementor-column elementor-col-100 elementor-top-column elementor-element elementor-element-cc20a5a\" data-id=\"cc20a5a\" data-element_type=\"column\" data-e-type=\"column\">\n\t\t\t<div class=\"elementor-widget-wrap elementor-element-populated\">\n\t\t\t\t\t\t<div class=\"elementor-element elementor-element-d7d252f elementor-widget elementor-widget-image\" data-id=\"d7d252f\" data-element_type=\"widget\" data-e-type=\"widget\" data-widget_type=\"image.default\">\n\t\t\t\t<div class=\"elementor-widget-container\">\n\t\t\t\t\t\t\t\t\t\t\t\t\t\t\t<img decoding=\"async\" width=\"322\" height=\"141\" src=\"https:\/\/economia-sustentavel.com\/wp-content\/uploads\/2021\/01\/Projecto-Primeiro-Passo-3.png\" class=\"attachment-large size-large wp-image-6752\" alt=\"\" srcset=\"https:\/\/economia-sustentavel.com\/wp-content\/uploads\/2021\/01\/Projecto-Primeiro-Passo-3.png 322w, https:\/\/economia-sustentavel.com\/wp-content\/uploads\/2021\/01\/Projecto-Primeiro-Passo-3-300x131.png 300w\" sizes=\"(max-width: 322px) 100vw, 322px\" \/>\t\t\t\t\t\t\t\t\t\t\t\t\t\t\t<\/div>\n\t\t\t\t<\/div>\n\t\t\t\t\t<\/div>\n\t\t<\/div>\n\t\t\t\t\t<\/div>\n\t\t<\/section>\n\t\t\t\t<section class=\"elementor-section elementor-top-section elementor-element elementor-element-5627c87 elementor-section-boxed elementor-section-height-default elementor-section-height-default\" data-id=\"5627c87\" data-element_type=\"section\" data-e-type=\"section\">\n\t\t\t\t\t\t<div class=\"elementor-container elementor-column-gap-default\">\n\t\t\t\t\t<div class=\"elementor-column elementor-col-100 elementor-top-column elementor-element elementor-element-bdb5dd9\" data-id=\"bdb5dd9\" data-element_type=\"column\" data-e-type=\"column\">\n\t\t\t<div class=\"elementor-widget-wrap elementor-element-populated\">\n\t\t\t\t\t\t<div class=\"elementor-element elementor-element-549d9b9 elementor-widget elementor-widget-text-editor\" data-id=\"549d9b9\" data-element_type=\"widget\" data-e-type=\"widget\" data-widget_type=\"text-editor.default\">\n\t\t\t\t<div class=\"elementor-widget-container\">\n\t\t\t\t\t\t\t\t\t<p>Financial literacy refers to a combination of financial awareness, knowledge, skills, attitudes, and behaviours necessary to make sound financial decisions and ultimately achieve individual financial wellbeing.<\/p><p><strong>Low levels of knowledge about financial concepts lead to:\u00a0<\/strong><\/p><ul><li>poor financial decisions<\/li><li>risky behaviour<\/li><\/ul><p>Financial illiteracy is more common among low-income individuals.<\/p><p><strong>The combination of these two ideas is the driving force behind this project:<\/strong><\/p><ul><li>Financial literacy training for young people, using inclusive methods, to access information, knowledge and financial management tools.<\/li><\/ul>\t\t\t\t\t\t\t\t<\/div>\n\t\t\t\t<\/div>\n\t\t\t\t\t<\/div>\n\t\t<\/div>\n\t\t\t\t\t<\/div>\n\t\t<\/section>\n\t\t\t\t<section class=\"elementor-section elementor-top-section elementor-element elementor-element-43b6257 elementor-section-boxed elementor-section-height-default elementor-section-height-default\" data-id=\"43b6257\" data-element_type=\"section\" data-e-type=\"section\">\n\t\t\t\t\t\t<div class=\"elementor-container elementor-column-gap-wider\">\n\t\t\t\t\t<div class=\"elementor-column elementor-col-50 elementor-top-column elementor-element elementor-element-c3d094e\" data-id=\"c3d094e\" data-element_type=\"column\" data-e-type=\"column\">\n\t\t\t<div class=\"elementor-widget-wrap elementor-element-populated\">\n\t\t\t\t\t\t<div class=\"elementor-element elementor-element-83a3940 elementor-widget elementor-widget-heading\" data-id=\"83a3940\" data-element_type=\"widget\" data-e-type=\"widget\" data-widget_type=\"heading.default\">\n\t\t\t\t<div class=\"elementor-widget-container\">\n\t\t\t\t\t<h3 class=\"elementor-heading-title elementor-size-large\">Objectives<\/h3>\t\t\t\t<\/div>\n\t\t\t\t<\/div>\n\t\t\t\t<div class=\"elementor-element elementor-element-68f2225 elementor-widget-divider--view-line elementor-widget elementor-widget-divider\" data-id=\"68f2225\" data-element_type=\"widget\" data-e-type=\"widget\" data-widget_type=\"divider.default\">\n\t\t\t\t<div class=\"elementor-widget-container\">\n\t\t\t\t\t\t\t<div class=\"elementor-divider\">\n\t\t\t<span class=\"elementor-divider-separator\">\n\t\t\t\t\t\t<\/span>\n\t\t<\/div>\n\t\t\t\t\t\t<\/div>\n\t\t\t\t<\/div>\n\t\t\t\t<div class=\"elementor-element elementor-element-b08dbc8 elementor-align-start elementor-icon-list--layout-traditional elementor-list-item-link-full_width elementor-widget elementor-widget-icon-list\" data-id=\"b08dbc8\" data-element_type=\"widget\" data-e-type=\"widget\" data-widget_type=\"icon-list.default\">\n\t\t\t\t<div class=\"elementor-widget-container\">\n\t\t\t\t\t\t\t<ul class=\"elementor-icon-list-items\">\n\t\t\t\t\t\t\t<li class=\"elementor-icon-list-item\">\n\t\t\t\t\t\t\t\t\t\t\t<span class=\"elementor-icon-list-icon\">\n\t\t\t\t\t\t\t<i aria-hidden=\"true\" class=\"fas fa-check\"><\/i>\t\t\t\t\t\t<\/span>\n\t\t\t\t\t\t\t\t\t\t<span class=\"elementor-icon-list-text\">Promoting financial literacy<\/span>\n\t\t\t\t\t\t\t\t\t<\/li>\n\t\t\t\t\t\t\t\t<li class=\"elementor-icon-list-item\">\n\t\t\t\t\t\t\t\t\t\t\t<span class=\"elementor-icon-list-icon\">\n\t\t\t\t\t\t\t<i aria-hidden=\"true\" class=\"fas fa-check\"><\/i>\t\t\t\t\t\t<\/span>\n\t\t\t\t\t\t\t\t\t\t<span class=\"elementor-icon-list-text\">Literal financial work as a tool for personal growth<\/span>\n\t\t\t\t\t\t\t\t\t<\/li>\n\t\t\t\t\t\t\t\t<li class=\"elementor-icon-list-item\">\n\t\t\t\t\t\t\t\t\t\t\t<span class=\"elementor-icon-list-icon\">\n\t\t\t\t\t\t\t<i aria-hidden=\"true\" class=\"fas fa-check\"><\/i>\t\t\t\t\t\t<\/span>\n\t\t\t\t\t\t\t\t\t\t<span class=\"elementor-icon-list-text\">Reducing the risk of social exclusion<\/span>\n\t\t\t\t\t\t\t\t\t<\/li>\n\t\t\t\t\t\t\t\t<li class=\"elementor-icon-list-item\">\n\t\t\t\t\t\t\t\t\t\t\t<span class=\"elementor-icon-list-icon\">\n\t\t\t\t\t\t\t<i aria-hidden=\"true\" class=\"fas fa-check\"><\/i>\t\t\t\t\t\t<\/span>\n\t\t\t\t\t\t\t\t\t\t<span class=\"elementor-icon-list-text\">Helping to build and consolidate a conscious generation<\/span>\n\t\t\t\t\t\t\t\t\t<\/li>\n\t\t\t\t\t\t\t\t<li class=\"elementor-icon-list-item\">\n\t\t\t\t\t\t\t\t\t\t\t<span class=\"elementor-icon-list-icon\">\n\t\t\t\t\t\t\t<i aria-hidden=\"true\" class=\"fas fa-check\"><\/i>\t\t\t\t\t\t<\/span>\n\t\t\t\t\t\t\t\t\t\t<span class=\"elementor-icon-list-text\">Empowering young workers<\/span>\n\t\t\t\t\t\t\t\t\t<\/li>\n\t\t\t\t\t\t<\/ul>\n\t\t\t\t\t\t<\/div>\n\t\t\t\t<\/div>\n\t\t\t\t\t<\/div>\n\t\t<\/div>\n\t\t\t\t<div class=\"elementor-column elementor-col-50 elementor-top-column elementor-element elementor-element-526dd66\" data-id=\"526dd66\" data-element_type=\"column\" data-e-type=\"column\">\n\t\t\t<div class=\"elementor-widget-wrap elementor-element-populated\">\n\t\t\t\t\t\t<div class=\"elementor-element elementor-element-0bfb43d elementor-widget elementor-widget-heading\" data-id=\"0bfb43d\" data-element_type=\"widget\" data-e-type=\"widget\" data-widget_type=\"heading.default\">\n\t\t\t\t<div class=\"elementor-widget-container\">\n\t\t\t\t\t<h3 class=\"elementor-heading-title elementor-size-large\">Project activities<\/h3>\t\t\t\t<\/div>\n\t\t\t\t<\/div>\n\t\t\t\t<div class=\"elementor-element elementor-element-0dd926a elementor-widget-divider--view-line elementor-widget elementor-widget-divider\" data-id=\"0dd926a\" data-element_type=\"widget\" data-e-type=\"widget\" data-widget_type=\"divider.default\">\n\t\t\t\t<div class=\"elementor-widget-container\">\n\t\t\t\t\t\t\t<div class=\"elementor-divider\">\n\t\t\t<span class=\"elementor-divider-separator\">\n\t\t\t\t\t\t<\/span>\n\t\t<\/div>\n\t\t\t\t\t\t<\/div>\n\t\t\t\t<\/div>\n\t\t\t\t<div class=\"elementor-element elementor-element-86019f0 elementor-align-start elementor-icon-list--layout-traditional elementor-list-item-link-full_width elementor-widget elementor-widget-icon-list\" data-id=\"86019f0\" data-element_type=\"widget\" data-e-type=\"widget\" data-widget_type=\"icon-list.default\">\n\t\t\t\t<div class=\"elementor-widget-container\">\n\t\t\t\t\t\t\t<ul class=\"elementor-icon-list-items\">\n\t\t\t\t\t\t\t<li class=\"elementor-icon-list-item\">\n\t\t\t\t\t\t\t\t\t\t\t<span class=\"elementor-icon-list-icon\">\n\t\t\t\t\t\t\t<i aria-hidden=\"true\" class=\"far fa-calendar-check\"><\/i>\t\t\t\t\t\t<\/span>\n\t\t\t\t\t\t\t\t\t\t<span class=\"elementor-icon-list-text\">Meeting in Bari (Dec. 2022)<\/span>\n\t\t\t\t\t\t\t\t\t<\/li>\n\t\t\t\t\t\t\t\t<li class=\"elementor-icon-list-item\">\n\t\t\t\t\t\t\t\t\t\t\t<span class=\"elementor-icon-list-icon\">\n\t\t\t\t\t\t\t<i aria-hidden=\"true\" class=\"far fa-calendar-check\"><\/i>\t\t\t\t\t\t<\/span>\n\t\t\t\t\t\t\t\t\t\t<span class=\"elementor-icon-list-text\">Meeting in Lisbon (Jan 2023)<\/span>\n\t\t\t\t\t\t\t\t\t<\/li>\n\t\t\t\t\t\t\t\t<li class=\"elementor-icon-list-item\">\n\t\t\t\t\t\t\t\t\t\t\t<span class=\"elementor-icon-list-icon\">\n\t\t\t\t\t\t\t<i aria-hidden=\"true\" class=\"far fa-calendar-check\"><\/i>\t\t\t\t\t\t<\/span>\n\t\t\t\t\t\t\t\t\t\t<span class=\"elementor-icon-list-text\">Meeting in Bucharest (Ap 2023)<\/span>\n\t\t\t\t\t\t\t\t\t<\/li>\n\t\t\t\t\t\t\t\t<li class=\"elementor-icon-list-item\">\n\t\t\t\t\t\t\t\t\t\t\t<span class=\"elementor-icon-list-icon\">\n\t\t\t\t\t\t\t<i aria-hidden=\"true\" class=\"far fa-calendar-check\"><\/i>\t\t\t\t\t\t<\/span>\n\t\t\t\t\t\t\t\t\t\t<span class=\"elementor-icon-list-text\">Meeting in Lisbon (May 2023)<\/span>\n\t\t\t\t\t\t\t\t\t<\/li>\n\t\t\t\t\t\t\t\t<li class=\"elementor-icon-list-item\">\n\t\t\t\t\t\t\t\t\t\t\t<span class=\"elementor-icon-list-icon\">\n\t\t\t\t\t\t\t<i aria-hidden=\"true\" class=\"far fa-calendar-check\"><\/i>\t\t\t\t\t\t<\/span>\n\t\t\t\t\t\t\t\t\t\t<span class=\"elementor-icon-list-text\">Meeting in Tallinn (July 2023)<\/span>\n\t\t\t\t\t\t\t\t\t<\/li>\n\t\t\t\t\t\t\t\t<li class=\"elementor-icon-list-item\">\n\t\t\t\t\t\t\t\t\t\t\t<span class=\"elementor-icon-list-icon\">\n\t\t\t\t\t\t\t<i aria-hidden=\"true\" class=\"far fa-calendar-check\"><\/i>\t\t\t\t\t\t<\/span>\n\t\t\t\t\t\t\t\t\t\t<span class=\"elementor-icon-list-text\">Meetings and visits to key stakeholders (on a local level)<\/span>\n\t\t\t\t\t\t\t\t\t<\/li>\n\t\t\t\t\t\t\t\t<li class=\"elementor-icon-list-item\">\n\t\t\t\t\t\t\t\t\t\t\t<span class=\"elementor-icon-list-icon\">\n\t\t\t\t\t\t\t<i aria-hidden=\"true\" class=\"far fa-calendar-check\"><\/i>\t\t\t\t\t\t<\/span>\n\t\t\t\t\t\t\t\t\t\t<span class=\"elementor-icon-list-text\">Multiplier events (local)<\/span>\n\t\t\t\t\t\t\t\t\t<\/li>\n\t\t\t\t\t\t\t\t<li class=\"elementor-icon-list-item\">\n\t\t\t\t\t\t\t\t\t\t\t<span class=\"elementor-icon-list-icon\">\n\t\t\t\t\t\t\t<i aria-hidden=\"true\" class=\"far fa-calendar-check\"><\/i>\t\t\t\t\t\t<\/span>\n\t\t\t\t\t\t\t\t\t\t<span class=\"elementor-icon-list-text\">Press releases (media coverage)<\/span>\n\t\t\t\t\t\t\t\t\t<\/li>\n\t\t\t\t\t\t<\/ul>\n\t\t\t\t\t\t<\/div>\n\t\t\t\t<\/div>\n\t\t\t\t\t<\/div>\n\t\t<\/div>\n\t\t\t\t\t<\/div>\n\t\t<\/section>\n\t\t\t\t<section class=\"elementor-section elementor-top-section elementor-element elementor-element-6289523 elementor-section-height-min-height elementor-section-boxed elementor-section-height-default elementor-section-items-middle\" data-id=\"6289523\" data-element_type=\"section\" data-e-type=\"section\" data-settings=\"{&quot;background_background&quot;:&quot;classic&quot;}\">\n\t\t\t\t\t\t\t<div class=\"elementor-background-overlay\"><\/div>\n\t\t\t\t\t\t\t<div class=\"elementor-container elementor-column-gap-default\">\n\t\t\t\t\t<div class=\"elementor-column elementor-col-100 elementor-top-column elementor-element elementor-element-ae09716\" data-id=\"ae09716\" data-element_type=\"column\" data-e-type=\"column\">\n\t\t\t<div class=\"elementor-widget-wrap elementor-element-populated\">\n\t\t\t\t\t\t<div class=\"elementor-element elementor-element-525b893 elementor-widget elementor-widget-elementskit-heading\" data-id=\"525b893\" data-element_type=\"widget\" data-e-type=\"widget\" data-widget_type=\"elementskit-heading.default\">\n\t\t\t\t<div class=\"elementor-widget-container\">\n\t\t\t\t\t<div class=\"ekit-wid-con\" ><div class=\"ekit-heading elementskit-section-title-wraper text_left   ekit_heading_tablet-   ekit_heading_mobile-\"><h2 class=\"ekit-heading--title elementskit-section-title\">we transform your ideas<\/h2><div class=\"ekit_heading_separetor_wraper ekit_heading_elementskit-border-divider ekit-dotted\"><div class=\"elementskit-border-divider ekit-dotted\"><\/div><\/div><h3 class=\"ekit-heading--subtitle elementskit-section-subtitle\">\n\t\t\t\t\t\tThe opportunity to start your own business.\n\t\t\t\t\t<\/h3><\/div><\/div>\t\t\t\t<\/div>\n\t\t\t\t<\/div>\n\t\t\t\t<div class=\"elementor-element elementor-element-763ccb1 elementor-align-left elementor-widget elementor-widget-elementskit-button\" data-id=\"763ccb1\" data-element_type=\"widget\" data-e-type=\"widget\" data-widget_type=\"elementskit-button.default\">\n\t\t\t\t<div class=\"elementor-widget-container\">\n\t\t\t\t\t<div class=\"ekit-wid-con\" >\t\t<div class=\"ekit-btn-wraper\">\n\t\t\t\t\t\t\t<a href=\"https:\/\/economia-sustentavel.com\/en\/contactos\/\" class=\"elementskit-btn  whitespace--normal\" id=\"\">\n\t\t\t\t\tContact us\t\t\t\t<\/a>\n\t\t\t\t\t<\/div>\n        <\/div>\t\t\t\t<\/div>\n\t\t\t\t<\/div>\n\t\t\t\t\t<\/div>\n\t\t<\/div>\n\t\t\t\t\t<\/div>\n\t\t<\/section>\n\t\t\t\t<\/div>","protected":false},"excerpt":{"rendered":"<p>A Literacia financeira refere-se a uma combina\u00e7\u00e3o de consci\u00eancia financeira, conhecimento, habilidades, atitudes e comportamentos necess\u00e1rios para tomar decis\u00f5es financeiras s\u00f3lidas e, finalmente, alcan\u00e7ar o bem-estar financeiro individual. O baixo-n\u00edvel de conhecimento sobre conceitos financeiros leva a:\u00a0 m\u00e1s decis\u00f5es financeiras comportamento de risco O analfabetismo financeiro \u00e9 mais comum entre indiv\u00edduos de renda baixa. A [&hellip;]<\/p>\n","protected":false},"author":1,"featured_media":0,"parent":0,"menu_order":0,"comment_status":"closed","ping_status":"closed","template":"elementor_header_footer","meta":{"footnotes":""},"class_list":["post-7572","page","type-page","status-publish","hentry"],"yoast_head":"<!-- This site is optimized with the Yoast SEO plugin v27.2 - https:\/\/yoast.com\/product\/yoast-seo-wordpress\/ -->\n<title>First step Programme - AESS economia sustentavel<\/title>\n<meta name=\"robots\" content=\"index, follow, max-snippet:-1, max-image-preview:large, max-video-preview:-1\" \/>\n<link rel=\"canonical\" href=\"https:\/\/economia-sustentavel.com\/en\/first-step-program\/\" \/>\n<meta property=\"og:locale\" content=\"en_GB\" \/>\n<meta property=\"og:type\" content=\"article\" \/>\n<meta property=\"og:title\" content=\"First step Programme - AESS economia sustentavel\" \/>\n<meta property=\"og:description\" content=\"A Literacia financeira refere-se a uma combina\u00e7\u00e3o de consci\u00eancia financeira, conhecimento, habilidades, atitudes e comportamentos necess\u00e1rios para tomar decis\u00f5es financeiras s\u00f3lidas e, finalmente, alcan\u00e7ar o bem-estar financeiro individual. O baixo-n\u00edvel de conhecimento sobre conceitos financeiros leva a:\u00a0 m\u00e1s decis\u00f5es financeiras comportamento de risco O analfabetismo financeiro \u00e9 mais comum entre indiv\u00edduos de renda baixa. A [&hellip;]\" \/>\n<meta property=\"og:url\" content=\"https:\/\/economia-sustentavel.com\/en\/first-step-program\/\" \/>\n<meta property=\"og:site_name\" content=\"AESS economia sustentavel\" \/>\n<meta property=\"article:modified_time\" content=\"2025-10-04T08:05:14+00:00\" \/>\n<meta property=\"og:image\" content=\"https:\/\/economia-sustentavel.com\/wp-content\/uploads\/2021\/01\/Projecto-Primeiro-Passo-3.png\" \/>\n\t<meta property=\"og:image:width\" content=\"322\" \/>\n\t<meta property=\"og:image:height\" content=\"141\" \/>\n\t<meta property=\"og:image:type\" content=\"image\/png\" \/>\n<meta name=\"twitter:card\" content=\"summary_large_image\" \/>\n<meta name=\"twitter:label1\" content=\"Estimated reading time\" \/>\n\t<meta name=\"twitter:data1\" content=\"1 minute\" \/>\n<script type=\"application\/ld+json\" class=\"yoast-schema-graph\">{\"@context\":\"https:\/\/schema.org\",\"@graph\":[{\"@type\":\"WebPage\",\"@id\":\"https:\/\/economia-sustentavel.com\/first-step-program\/\",\"url\":\"https:\/\/economia-sustentavel.com\/first-step-program\/\",\"name\":\"First step Programme - AESS economia sustentavel\",\"isPartOf\":{\"@id\":\"https:\/\/economia-sustentavel.com\/#website\"},\"primaryImageOfPage\":{\"@id\":\"https:\/\/economia-sustentavel.com\/first-step-program\/#primaryimage\"},\"image\":{\"@id\":\"https:\/\/economia-sustentavel.com\/first-step-program\/#primaryimage\"},\"thumbnailUrl\":\"https:\/\/economia-sustentavel.com\/wp-content\/uploads\/2021\/01\/Projecto-Primeiro-Passo-3.png\",\"datePublished\":\"2023-04-18T11:53:50+00:00\",\"dateModified\":\"2025-10-04T08:05:14+00:00\",\"breadcrumb\":{\"@id\":\"https:\/\/economia-sustentavel.com\/first-step-program\/#breadcrumb\"},\"inLanguage\":\"en-GB\",\"potentialAction\":[{\"@type\":\"ReadAction\",\"target\":[\"https:\/\/economia-sustentavel.com\/first-step-program\/\"]}]},{\"@type\":\"ImageObject\",\"inLanguage\":\"en-GB\",\"@id\":\"https:\/\/economia-sustentavel.com\/first-step-program\/#primaryimage\",\"url\":\"https:\/\/economia-sustentavel.com\/wp-content\/uploads\/2021\/01\/Projecto-Primeiro-Passo-3.png\",\"contentUrl\":\"https:\/\/economia-sustentavel.com\/wp-content\/uploads\/2021\/01\/Projecto-Primeiro-Passo-3.png\"},{\"@type\":\"BreadcrumbList\",\"@id\":\"https:\/\/economia-sustentavel.com\/first-step-program\/#breadcrumb\",\"itemListElement\":[{\"@type\":\"ListItem\",\"position\":1,\"name\":\"Home\",\"item\":\"https:\/\/economia-sustentavel.com\/\"},{\"@type\":\"ListItem\",\"position\":2,\"name\":\"First step Programme\"}]},{\"@type\":\"WebSite\",\"@id\":\"https:\/\/economia-sustentavel.com\/#website\",\"url\":\"https:\/\/economia-sustentavel.com\/\",\"name\":\"AESS economia sustentavel\",\"description\":\"Just another WordPress site\",\"potentialAction\":[{\"@type\":\"SearchAction\",\"target\":{\"@type\":\"EntryPoint\",\"urlTemplate\":\"https:\/\/economia-sustentavel.com\/?s={search_term_string}\"},\"query-input\":{\"@type\":\"PropertyValueSpecification\",\"valueRequired\":true,\"valueName\":\"search_term_string\"}}],\"inLanguage\":\"en-GB\"}]}<\/script>\n<!-- \/ Yoast SEO plugin. -->","yoast_head_json":{"title":"First step Programme - AESS economia sustentavel","robots":{"index":"index","follow":"follow","max-snippet":"max-snippet:-1","max-image-preview":"max-image-preview:large","max-video-preview":"max-video-preview:-1"},"canonical":"https:\/\/economia-sustentavel.com\/en\/first-step-program\/","og_locale":"en_GB","og_type":"article","og_title":"First step Programme - AESS economia sustentavel","og_description":"A Literacia financeira refere-se a uma combina\u00e7\u00e3o de consci\u00eancia financeira, conhecimento, habilidades, atitudes e comportamentos necess\u00e1rios para tomar decis\u00f5es financeiras s\u00f3lidas e, finalmente, alcan\u00e7ar o bem-estar financeiro individual. O baixo-n\u00edvel de conhecimento sobre conceitos financeiros leva a:\u00a0 m\u00e1s decis\u00f5es financeiras comportamento de risco O analfabetismo financeiro \u00e9 mais comum entre indiv\u00edduos de renda baixa. A [&hellip;]","og_url":"https:\/\/economia-sustentavel.com\/en\/first-step-program\/","og_site_name":"AESS economia sustentavel","article_modified_time":"2025-10-04T08:05:14+00:00","og_image":[{"width":322,"height":141,"url":"https:\/\/economia-sustentavel.com\/wp-content\/uploads\/2021\/01\/Projecto-Primeiro-Passo-3.png","type":"image\/png"}],"twitter_card":"summary_large_image","twitter_misc":{"Estimated reading time":"1 minute"},"schema":{"@context":"https:\/\/schema.org","@graph":[{"@type":"WebPage","@id":"https:\/\/economia-sustentavel.com\/first-step-program\/","url":"https:\/\/economia-sustentavel.com\/first-step-program\/","name":"First step Programme - AESS economia sustentavel","isPartOf":{"@id":"https:\/\/economia-sustentavel.com\/#website"},"primaryImageOfPage":{"@id":"https:\/\/economia-sustentavel.com\/first-step-program\/#primaryimage"},"image":{"@id":"https:\/\/economia-sustentavel.com\/first-step-program\/#primaryimage"},"thumbnailUrl":"https:\/\/economia-sustentavel.com\/wp-content\/uploads\/2021\/01\/Projecto-Primeiro-Passo-3.png","datePublished":"2023-04-18T11:53:50+00:00","dateModified":"2025-10-04T08:05:14+00:00","breadcrumb":{"@id":"https:\/\/economia-sustentavel.com\/first-step-program\/#breadcrumb"},"inLanguage":"en-GB","potentialAction":[{"@type":"ReadAction","target":["https:\/\/economia-sustentavel.com\/first-step-program\/"]}]},{"@type":"ImageObject","inLanguage":"en-GB","@id":"https:\/\/economia-sustentavel.com\/first-step-program\/#primaryimage","url":"https:\/\/economia-sustentavel.com\/wp-content\/uploads\/2021\/01\/Projecto-Primeiro-Passo-3.png","contentUrl":"https:\/\/economia-sustentavel.com\/wp-content\/uploads\/2021\/01\/Projecto-Primeiro-Passo-3.png"},{"@type":"BreadcrumbList","@id":"https:\/\/economia-sustentavel.com\/first-step-program\/#breadcrumb","itemListElement":[{"@type":"ListItem","position":1,"name":"Home","item":"https:\/\/economia-sustentavel.com\/"},{"@type":"ListItem","position":2,"name":"First step Programme"}]},{"@type":"WebSite","@id":"https:\/\/economia-sustentavel.com\/#website","url":"https:\/\/economia-sustentavel.com\/","name":"AESS economia sustentavel","description":"Just another WordPress site","potentialAction":[{"@type":"SearchAction","target":{"@type":"EntryPoint","urlTemplate":"https:\/\/economia-sustentavel.com\/?s={search_term_string}"},"query-input":{"@type":"PropertyValueSpecification","valueRequired":true,"valueName":"search_term_string"}}],"inLanguage":"en-GB"}]}},"_links":{"self":[{"href":"https:\/\/economia-sustentavel.com\/en\/wp-json\/wp\/v2\/pages\/7572","targetHints":{"allow":["GET"]}}],"collection":[{"href":"https:\/\/economia-sustentavel.com\/en\/wp-json\/wp\/v2\/pages"}],"about":[{"href":"https:\/\/economia-sustentavel.com\/en\/wp-json\/wp\/v2\/types\/page"}],"author":[{"embeddable":true,"href":"https:\/\/economia-sustentavel.com\/en\/wp-json\/wp\/v2\/users\/1"}],"replies":[{"embeddable":true,"href":"https:\/\/economia-sustentavel.com\/en\/wp-json\/wp\/v2\/comments?post=7572"}],"version-history":[{"count":18,"href":"https:\/\/economia-sustentavel.com\/en\/wp-json\/wp\/v2\/pages\/7572\/revisions"}],"predecessor-version":[{"id":7948,"href":"https:\/\/economia-sustentavel.com\/en\/wp-json\/wp\/v2\/pages\/7572\/revisions\/7948"}],"wp:attachment":[{"href":"https:\/\/economia-sustentavel.com\/en\/wp-json\/wp\/v2\/media?parent=7572"}],"curies":[{"name":"wp","href":"https:\/\/api.w.org\/{rel}","templated":true}]}}