{"id":7030,"date":"2021-05-05T00:39:34","date_gmt":"2021-05-05T00:39:34","guid":{"rendered":"https:\/\/economia-sustentavel.com\/?page_id=7030"},"modified":"2021-08-04T08:21:39","modified_gmt":"2021-08-04T08:21:39","slug":"sustentabilizar","status":"publish","type":"page","link":"https:\/\/economia-sustentavel.com\/en\/sustentabilizar\/","title":{"rendered":"Sustentabilizar"},"content":{"rendered":"\t\t<div data-elementor-type=\"wp-page\" data-elementor-id=\"7030\" class=\"elementor elementor-7030\">\n\t\t\t\t\t\t<section class=\"elementor-section elementor-top-section elementor-element elementor-element-380dedd0 elementor-section-boxed elementor-section-height-default elementor-section-height-default\" data-id=\"380dedd0\" data-element_type=\"section\" data-e-type=\"section\">\n\t\t\t\t\t\t<div class=\"elementor-container elementor-column-gap-default\">\n\t\t\t\t\t<div class=\"elementor-column elementor-col-100 elementor-top-column elementor-element elementor-element-31ddd004\" data-id=\"31ddd004\" data-element_type=\"column\" data-e-type=\"column\">\n\t\t\t<div class=\"elementor-widget-wrap elementor-element-populated\">\n\t\t\t\t\t\t<div class=\"elementor-element elementor-element-2e8eb7e elementor-widget elementor-widget-text-editor\" data-id=\"2e8eb7e\" data-element_type=\"widget\" data-e-type=\"widget\" data-widget_type=\"text-editor.default\">\n\t\t\t\t<div class=\"elementor-widget-container\">\n\t\t\t\t\t\t\t\t\t<p>H\u00e1 momentos que precisamos de nos <em>sustentabilizar<\/em>.<\/p><p>O mais sensato \u00e9 estabelecer uma parceria e desenvolver um processo estimulante e criativo que possa inspirar e levar a maximizar o potencial.<\/p><p>Temos diversas modalidades: consultoria, coaching, mentoring ou uma mescla. Todas elas s\u00e3o diferentes e apropriadas para p\u00fablicos e situa\u00e7\u00f5es diferenciadas e em formatos diferentes. \u00a0Tamb\u00e9m temos \u201cbanco de horas\u201d a usar consoante as necessidades.<\/p><p>Se pretende mais informa\u00e7\u00f5es sobre estas modalidades pode-nos escrever via <strong>formul\u00e1rio<\/strong> ou via <a href=\"mailto:geral@economia-sustent%C3%A1vel.com\">geral@economia-sustentavel.com<\/a> ou ligar-nos para: 219\u00a0834\u00a0310, para examinarmos a modalidade adequada<\/p>\t\t\t\t\t\t\t\t<\/div>\n\t\t\t\t<\/div>\n\t\t\t\t<div class=\"elementor-element elementor-element-ca7a684 elementor-widget elementor-widget-shortcode\" data-id=\"ca7a684\" data-element_type=\"widget\" data-e-type=\"widget\" data-widget_type=\"shortcode.default\">\n\t\t\t\t<div class=\"elementor-widget-container\">\n\t\t\t\t\t\t\t<div class=\"elementor-shortcode\"><div class=\"wpforms-container wpforms-container-full\" id=\"wpforms-7289\"><form id=\"wpforms-form-7289\" class=\"wpforms-validate wpforms-form\" data-formid=\"7289\" method=\"post\" enctype=\"multipart\/form-data\" action=\"\/en\/wp-json\/wp\/v2\/pages\/7030\" data-token=\"ea44de37dd20d000cf4c01b42faac447\" data-token-time=\"1776766947\"><noscript class=\"wpforms-error-noscript\">Please enable JavaScript in your browser to complete this form.<\/noscript><div class=\"wpforms-field-container\"><div id=\"wpforms-7289-field_0-container\" class=\"wpforms-field wpforms-field-name\" data-field-id=\"0\"><label class=\"wpforms-field-label\" for=\"wpforms-7289-field_0\">Nome <span class=\"wpforms-required-label\">*<\/span><\/label><input type=\"text\" id=\"wpforms-7289-field_0\" class=\"wpforms-field-medium wpforms-field-required\" name=\"wpforms[fields][0]\" required><\/div><div id=\"wpforms-7289-field_1-container\" class=\"wpforms-field wpforms-field-email\" data-field-id=\"1\"><label class=\"wpforms-field-label\" for=\"wpforms-7289-field_1\">Email <span class=\"wpforms-required-label\">*<\/span><\/label><input type=\"email\" id=\"wpforms-7289-field_1\" class=\"wpforms-field-medium wpforms-field-required\" name=\"wpforms[fields][1]\" spellcheck=\"false\" required><\/div><div id=\"wpforms-7289-field_2-container\" class=\"wpforms-field wpforms-field-textarea\" data-field-id=\"2\"><label class=\"wpforms-field-label\" for=\"wpforms-7289-field_2\">Escreva aqui a sua mensagem <span class=\"wpforms-required-label\">*<\/span><\/label><textarea id=\"wpforms-7289-field_2\" class=\"wpforms-field-medium wpforms-field-required\" name=\"wpforms[fields][2]\" required><\/textarea><\/div><\/div><!-- .wpforms-field-container --><div class=\"wpforms-submit-container\" ><input type=\"hidden\" name=\"wpforms[id]\" value=\"7289\"><input type=\"hidden\" name=\"page_title\" value=\"\"><input type=\"hidden\" name=\"page_url\" value=\"https:\/\/economia-sustentavel.com\/en\/wp-json\/wp\/v2\/pages\/7030\"><input type=\"hidden\" name=\"url_referer\" value=\"\"><button type=\"submit\" name=\"wpforms[submit]\" id=\"wpforms-submit-7289\" class=\"wpforms-submit\" data-alt-text=\"Enviar \" data-submit-text=\"Enviar\" aria-live=\"assertive\" value=\"wpforms-submit\">Enviar<\/button><\/div><\/form><\/div>  <!-- .wpforms-container --><\/div>\n\t\t\t\t\t\t<\/div>\n\t\t\t\t<\/div>\n\t\t\t\t\t<\/div>\n\t\t<\/div>\n\t\t\t\t\t<\/div>\n\t\t<\/section>\n\t\t\t\t<\/div>\n\t\t","protected":false},"excerpt":{"rendered":"<p>Sustentabilizar H\u00e1 momentos que precisamos de nos sustentabilizar. O mais sensato \u00e9 estabelecer uma parceria e desenvolver um processo estimulante e criativo que possa inspirar e levar a maximizar o potencial. Temos diversas modalidades: consultoria, coaching, mentoring ou uma mescla. Todas elas s\u00e3o diferentes e apropriadas para p\u00fablicos e situa\u00e7\u00f5es diferenciadas e em formatos diferentes. [&hellip;]<\/p>\n","protected":false},"author":1,"featured_media":6008,"parent":0,"menu_order":0,"comment_status":"closed","ping_status":"closed","template":"","meta":{"footnotes":""},"class_list":["post-7030","page","type-page","status-publish","has-post-thumbnail","hentry"],"yoast_head":"<!-- This site is optimized with the Yoast SEO plugin v27.2 - https:\/\/yoast.com\/product\/yoast-seo-wordpress\/ -->\n<title>Sustentabilizar - AESS economia sustentavel<\/title>\n<meta name=\"robots\" content=\"index, follow, max-snippet:-1, max-image-preview:large, max-video-preview:-1\" \/>\n<link rel=\"canonical\" href=\"https:\/\/economia-sustentavel.com\/en\/sustentabilizar\/\" \/>\n<meta property=\"og:locale\" content=\"en_GB\" \/>\n<meta property=\"og:type\" content=\"article\" \/>\n<meta property=\"og:title\" content=\"Sustentabilizar - AESS economia sustentavel\" \/>\n<meta property=\"og:description\" content=\"Sustentabilizar H\u00e1 momentos que precisamos de nos sustentabilizar. O mais sensato \u00e9 estabelecer uma parceria e desenvolver um processo estimulante e criativo que possa inspirar e levar a maximizar o potencial. Temos diversas modalidades: consultoria, coaching, mentoring ou uma mescla. Todas elas s\u00e3o diferentes e apropriadas para p\u00fablicos e situa\u00e7\u00f5es diferenciadas e em formatos diferentes. [&hellip;]\" \/>\n<meta property=\"og:url\" content=\"https:\/\/economia-sustentavel.com\/en\/sustentabilizar\/\" \/>\n<meta property=\"og:site_name\" content=\"AESS economia sustentavel\" \/>\n<meta property=\"article:modified_time\" content=\"2021-08-04T08:21:39+00:00\" \/>\n<meta property=\"og:image\" content=\"https:\/\/economia-sustentavel.com\/wp-content\/uploads\/2020\/11\/micheile-henderson-lZ_4nPFKcV8-unsplash-scaled.jpg\" \/>\n\t<meta property=\"og:image:width\" content=\"2560\" \/>\n\t<meta property=\"og:image:height\" content=\"1706\" \/>\n\t<meta property=\"og:image:type\" content=\"image\/jpeg\" \/>\n<meta name=\"twitter:card\" content=\"summary_large_image\" \/>\n<meta name=\"twitter:label1\" content=\"Estimated reading time\" \/>\n\t<meta name=\"twitter:data1\" content=\"1 minute\" \/>\n<script type=\"application\/ld+json\" class=\"yoast-schema-graph\">{\"@context\":\"https:\/\/schema.org\",\"@graph\":[{\"@type\":\"WebPage\",\"@id\":\"https:\/\/economia-sustentavel.com\/sustentabilizar\/\",\"url\":\"https:\/\/economia-sustentavel.com\/sustentabilizar\/\",\"name\":\"Sustentabilizar - AESS economia sustentavel\",\"isPartOf\":{\"@id\":\"https:\/\/economia-sustentavel.com\/#website\"},\"primaryImageOfPage\":{\"@id\":\"https:\/\/economia-sustentavel.com\/sustentabilizar\/#primaryimage\"},\"image\":{\"@id\":\"https:\/\/economia-sustentavel.com\/sustentabilizar\/#primaryimage\"},\"thumbnailUrl\":\"https:\/\/economia-sustentavel.com\/wp-content\/uploads\/2020\/11\/micheile-henderson-lZ_4nPFKcV8-unsplash-scaled.jpg\",\"datePublished\":\"2021-05-05T00:39:34+00:00\",\"dateModified\":\"2021-08-04T08:21:39+00:00\",\"breadcrumb\":{\"@id\":\"https:\/\/economia-sustentavel.com\/sustentabilizar\/#breadcrumb\"},\"inLanguage\":\"en-GB\",\"potentialAction\":[{\"@type\":\"ReadAction\",\"target\":[\"https:\/\/economia-sustentavel.com\/sustentabilizar\/\"]}]},{\"@type\":\"ImageObject\",\"inLanguage\":\"en-GB\",\"@id\":\"https:\/\/economia-sustentavel.com\/sustentabilizar\/#primaryimage\",\"url\":\"https:\/\/economia-sustentavel.com\/wp-content\/uploads\/2020\/11\/micheile-henderson-lZ_4nPFKcV8-unsplash-scaled.jpg\",\"contentUrl\":\"https:\/\/economia-sustentavel.com\/wp-content\/uploads\/2020\/11\/micheile-henderson-lZ_4nPFKcV8-unsplash-scaled.jpg\",\"width\":2560,\"height\":1706},{\"@type\":\"BreadcrumbList\",\"@id\":\"https:\/\/economia-sustentavel.com\/sustentabilizar\/#breadcrumb\",\"itemListElement\":[{\"@type\":\"ListItem\",\"position\":1,\"name\":\"Home\",\"item\":\"https:\/\/economia-sustentavel.com\/\"},{\"@type\":\"ListItem\",\"position\":2,\"name\":\"Sustentabilizar\"}]},{\"@type\":\"WebSite\",\"@id\":\"https:\/\/economia-sustentavel.com\/#website\",\"url\":\"https:\/\/economia-sustentavel.com\/\",\"name\":\"AESS economia sustentavel\",\"description\":\"Just another WordPress site\",\"potentialAction\":[{\"@type\":\"SearchAction\",\"target\":{\"@type\":\"EntryPoint\",\"urlTemplate\":\"https:\/\/economia-sustentavel.com\/?s={search_term_string}\"},\"query-input\":{\"@type\":\"PropertyValueSpecification\",\"valueRequired\":true,\"valueName\":\"search_term_string\"}}],\"inLanguage\":\"en-GB\"}]}<\/script>\n<!-- \/ Yoast SEO plugin. -->","yoast_head_json":{"title":"Sustentabilizar - AESS economia sustentavel","robots":{"index":"index","follow":"follow","max-snippet":"max-snippet:-1","max-image-preview":"max-image-preview:large","max-video-preview":"max-video-preview:-1"},"canonical":"https:\/\/economia-sustentavel.com\/en\/sustentabilizar\/","og_locale":"en_GB","og_type":"article","og_title":"Sustentabilizar - AESS economia sustentavel","og_description":"Sustentabilizar H\u00e1 momentos que precisamos de nos sustentabilizar. O mais sensato \u00e9 estabelecer uma parceria e desenvolver um processo estimulante e criativo que possa inspirar e levar a maximizar o potencial. Temos diversas modalidades: consultoria, coaching, mentoring ou uma mescla. Todas elas s\u00e3o diferentes e apropriadas para p\u00fablicos e situa\u00e7\u00f5es diferenciadas e em formatos diferentes. [&hellip;]","og_url":"https:\/\/economia-sustentavel.com\/en\/sustentabilizar\/","og_site_name":"AESS economia sustentavel","article_modified_time":"2021-08-04T08:21:39+00:00","og_image":[{"width":2560,"height":1706,"url":"https:\/\/economia-sustentavel.com\/wp-content\/uploads\/2020\/11\/micheile-henderson-lZ_4nPFKcV8-unsplash-scaled.jpg","type":"image\/jpeg"}],"twitter_card":"summary_large_image","twitter_misc":{"Estimated reading time":"1 minute"},"schema":{"@context":"https:\/\/schema.org","@graph":[{"@type":"WebPage","@id":"https:\/\/economia-sustentavel.com\/sustentabilizar\/","url":"https:\/\/economia-sustentavel.com\/sustentabilizar\/","name":"Sustentabilizar - AESS economia sustentavel","isPartOf":{"@id":"https:\/\/economia-sustentavel.com\/#website"},"primaryImageOfPage":{"@id":"https:\/\/economia-sustentavel.com\/sustentabilizar\/#primaryimage"},"image":{"@id":"https:\/\/economia-sustentavel.com\/sustentabilizar\/#primaryimage"},"thumbnailUrl":"https:\/\/economia-sustentavel.com\/wp-content\/uploads\/2020\/11\/micheile-henderson-lZ_4nPFKcV8-unsplash-scaled.jpg","datePublished":"2021-05-05T00:39:34+00:00","dateModified":"2021-08-04T08:21:39+00:00","breadcrumb":{"@id":"https:\/\/economia-sustentavel.com\/sustentabilizar\/#breadcrumb"},"inLanguage":"en-GB","potentialAction":[{"@type":"ReadAction","target":["https:\/\/economia-sustentavel.com\/sustentabilizar\/"]}]},{"@type":"ImageObject","inLanguage":"en-GB","@id":"https:\/\/economia-sustentavel.com\/sustentabilizar\/#primaryimage","url":"https:\/\/economia-sustentavel.com\/wp-content\/uploads\/2020\/11\/micheile-henderson-lZ_4nPFKcV8-unsplash-scaled.jpg","contentUrl":"https:\/\/economia-sustentavel.com\/wp-content\/uploads\/2020\/11\/micheile-henderson-lZ_4nPFKcV8-unsplash-scaled.jpg","width":2560,"height":1706},{"@type":"BreadcrumbList","@id":"https:\/\/economia-sustentavel.com\/sustentabilizar\/#breadcrumb","itemListElement":[{"@type":"ListItem","position":1,"name":"Home","item":"https:\/\/economia-sustentavel.com\/"},{"@type":"ListItem","position":2,"name":"Sustentabilizar"}]},{"@type":"WebSite","@id":"https:\/\/economia-sustentavel.com\/#website","url":"https:\/\/economia-sustentavel.com\/","name":"AESS economia sustentavel","description":"Just another WordPress site","potentialAction":[{"@type":"SearchAction","target":{"@type":"EntryPoint","urlTemplate":"https:\/\/economia-sustentavel.com\/?s={search_term_string}"},"query-input":{"@type":"PropertyValueSpecification","valueRequired":true,"valueName":"search_term_string"}}],"inLanguage":"en-GB"}]}},"_links":{"self":[{"href":"https:\/\/economia-sustentavel.com\/en\/wp-json\/wp\/v2\/pages\/7030","targetHints":{"allow":["GET"]}}],"collection":[{"href":"https:\/\/economia-sustentavel.com\/en\/wp-json\/wp\/v2\/pages"}],"about":[{"href":"https:\/\/economia-sustentavel.com\/en\/wp-json\/wp\/v2\/types\/page"}],"author":[{"embeddable":true,"href":"https:\/\/economia-sustentavel.com\/en\/wp-json\/wp\/v2\/users\/1"}],"replies":[{"embeddable":true,"href":"https:\/\/economia-sustentavel.com\/en\/wp-json\/wp\/v2\/comments?post=7030"}],"version-history":[{"count":32,"href":"https:\/\/economia-sustentavel.com\/en\/wp-json\/wp\/v2\/pages\/7030\/revisions"}],"predecessor-version":[{"id":7321,"href":"https:\/\/economia-sustentavel.com\/en\/wp-json\/wp\/v2\/pages\/7030\/revisions\/7321"}],"wp:featuredmedia":[{"embeddable":true,"href":"https:\/\/economia-sustentavel.com\/en\/wp-json\/wp\/v2\/media\/6008"}],"wp:attachment":[{"href":"https:\/\/economia-sustentavel.com\/en\/wp-json\/wp\/v2\/media?parent=7030"}],"curies":[{"name":"wp","href":"https:\/\/api.w.org\/{rel}","templated":true}]}}