{"id":7024,"date":"2021-05-05T00:35:35","date_gmt":"2021-05-05T00:35:35","guid":{"rendered":"https:\/\/economia-sustentavel.com\/?page_id=7024"},"modified":"2021-08-02T08:19:30","modified_gmt":"2021-08-02T08:19:30","slug":"selecionar","status":"publish","type":"page","link":"https:\/\/economia-sustentavel.com\/en\/selecionar\/","title":{"rendered":"Selecionar"},"content":{"rendered":"\t\t<div data-elementor-type=\"wp-page\" data-elementor-id=\"7024\" class=\"elementor elementor-7024\">\n\t\t\t\t\t\t<section class=\"elementor-section elementor-top-section elementor-element elementor-element-380dedd0 elementor-section-boxed elementor-section-height-default elementor-section-height-default\" data-id=\"380dedd0\" data-element_type=\"section\" data-e-type=\"section\">\n\t\t\t\t\t\t<div class=\"elementor-container elementor-column-gap-default\">\n\t\t\t\t\t<div class=\"elementor-column elementor-col-100 elementor-top-column elementor-element elementor-element-31ddd004\" data-id=\"31ddd004\" data-element_type=\"column\" data-e-type=\"column\">\n\t\t\t<div class=\"elementor-widget-wrap elementor-element-populated\">\n\t\t\t\t\t\t<div class=\"elementor-element elementor-element-2e8eb7e elementor-widget elementor-widget-text-editor\" data-id=\"2e8eb7e\" data-element_type=\"widget\" data-e-type=\"widget\" data-widget_type=\"text-editor.default\">\n\t\t\t\t<div class=\"elementor-widget-container\">\n\t\t\t\t\t\t\t\t\t<p>H\u00e1 momentos que fazemos escolhas fundamentadas e com base no livre-arb\u00edtrio.<\/p><p>Por isso escolhi e a minha dire\u00e7\u00e3o \u00e9:<\/p><ul><li>Desenvolver o meu projeto &#8211; <em>My lifestyle business<\/em><\/li><li>Analisar o meu perfil profissional<\/li><li>Desenvolver os meus talentos e compet\u00eancias (ver <a href=\"https:\/\/economia-sustentavel.com\/sabe-quais-sao-os-seus-talentos-e-os-seus-dons\">artigo <\/a>dons e talentos)<\/li><li>Enveredar pela mudan\u00e7a (de profiss\u00e3o, de \u00e1rea de estudo, de vida, foco no bem-estar emocional ou f\u00edsico, etc) ( link das tert\u00falias\/ ou blogue dos valores)<\/li><\/ul><p>Feita a sua escolha pode-nos escrever via formul\u00e1rio ou via <a href=\"mailto:geral@economia-sustent%C3%A1vel.com\">geral@economia-sustentavel.com<\/a> ou ligar-nos para: 219\u00a0834\u00a0310, para desenvolvermos consigo a sua sele\u00e7\u00e3o.<\/p>\t\t\t\t\t\t\t\t<\/div>\n\t\t\t\t<\/div>\n\t\t\t\t\t<\/div>\n\t\t<\/div>\n\t\t\t\t\t<\/div>\n\t\t<\/section>\n\t\t\t\t<section class=\"elementor-section elementor-top-section elementor-element elementor-element-18d0771 elementor-section-boxed elementor-section-height-default elementor-section-height-default\" data-id=\"18d0771\" data-element_type=\"section\" data-e-type=\"section\">\n\t\t\t\t\t\t<div class=\"elementor-container elementor-column-gap-default\">\n\t\t\t\t\t<div class=\"elementor-column elementor-col-100 elementor-top-column elementor-element elementor-element-867c944\" data-id=\"867c944\" data-element_type=\"column\" data-e-type=\"column\">\n\t\t\t<div class=\"elementor-widget-wrap elementor-element-populated\">\n\t\t\t\t\t\t<div class=\"elementor-element elementor-element-c72c2c4 elementor-widget elementor-widget-shortcode\" data-id=\"c72c2c4\" data-element_type=\"widget\" data-e-type=\"widget\" data-widget_type=\"shortcode.default\">\n\t\t\t\t<div class=\"elementor-widget-container\">\n\t\t\t\t\t\t\t<div class=\"elementor-shortcode\"><div class=\"wpforms-container wpforms-container-full\" id=\"wpforms-7289\"><form id=\"wpforms-form-7289\" class=\"wpforms-validate wpforms-form\" data-formid=\"7289\" method=\"post\" enctype=\"multipart\/form-data\" action=\"\/en\/wp-json\/wp\/v2\/pages\/7024\" data-token=\"4f57ce7a8457ddf87c5939b56ef62832\" data-token-time=\"1776511701\"><noscript class=\"wpforms-error-noscript\">Please enable JavaScript in your browser to complete this form.<\/noscript><div class=\"wpforms-field-container\"><div id=\"wpforms-7289-field_0-container\" class=\"wpforms-field wpforms-field-name\" data-field-id=\"0\"><label class=\"wpforms-field-label\" for=\"wpforms-7289-field_0\">Nome <span class=\"wpforms-required-label\">*<\/span><\/label><input type=\"text\" id=\"wpforms-7289-field_0\" class=\"wpforms-field-medium wpforms-field-required\" name=\"wpforms[fields][0]\" required><\/div><div id=\"wpforms-7289-field_1-container\" class=\"wpforms-field wpforms-field-email\" data-field-id=\"1\"><label class=\"wpforms-field-label\" for=\"wpforms-7289-field_1\">Email <span class=\"wpforms-required-label\">*<\/span><\/label><input type=\"email\" id=\"wpforms-7289-field_1\" class=\"wpforms-field-medium wpforms-field-required\" name=\"wpforms[fields][1]\" spellcheck=\"false\" required><\/div><div id=\"wpforms-7289-field_2-container\" class=\"wpforms-field wpforms-field-textarea\" data-field-id=\"2\"><label class=\"wpforms-field-label\" for=\"wpforms-7289-field_2\">Escreva aqui a sua mensagem <span class=\"wpforms-required-label\">*<\/span><\/label><textarea id=\"wpforms-7289-field_2\" class=\"wpforms-field-medium wpforms-field-required\" name=\"wpforms[fields][2]\" required><\/textarea><\/div><\/div><!-- .wpforms-field-container --><div class=\"wpforms-submit-container\" ><input type=\"hidden\" name=\"wpforms[id]\" value=\"7289\"><input type=\"hidden\" name=\"page_title\" value=\"\"><input type=\"hidden\" name=\"page_url\" value=\"https:\/\/economia-sustentavel.com\/en\/wp-json\/wp\/v2\/pages\/7024\"><input type=\"hidden\" name=\"url_referer\" value=\"\"><button type=\"submit\" name=\"wpforms[submit]\" id=\"wpforms-submit-7289\" class=\"wpforms-submit\" data-alt-text=\"Enviar \" data-submit-text=\"Enviar\" aria-live=\"assertive\" value=\"wpforms-submit\">Enviar<\/button><\/div><\/form><\/div>  <!-- .wpforms-container --><\/div>\n\t\t\t\t\t\t<\/div>\n\t\t\t\t<\/div>\n\t\t\t\t\t<\/div>\n\t\t<\/div>\n\t\t\t\t\t<\/div>\n\t\t<\/section>\n\t\t\t\t<\/div>\n\t\t","protected":false},"excerpt":{"rendered":"<p>Selecionar H\u00e1 momentos que fazemos escolhas fundamentadas e com base no livre-arb\u00edtrio. Por isso escolhi e a minha dire\u00e7\u00e3o \u00e9: Desenvolver o meu projeto &#8211; My lifestyle business Analisar o meu perfil profissional Desenvolver os meus talentos e compet\u00eancias (ver artigo dons e talentos) Enveredar pela mudan\u00e7a (de profiss\u00e3o, de \u00e1rea de estudo, de vida, [&hellip;]<\/p>\n","protected":false},"author":1,"featured_media":6988,"parent":0,"menu_order":0,"comment_status":"closed","ping_status":"closed","template":"","meta":{"footnotes":""},"class_list":["post-7024","page","type-page","status-publish","has-post-thumbnail","hentry"],"yoast_head":"<!-- This site is optimized with the Yoast SEO plugin v27.2 - https:\/\/yoast.com\/product\/yoast-seo-wordpress\/ -->\n<title>Selecionar - AESS economia sustentavel<\/title>\n<meta name=\"robots\" content=\"index, follow, max-snippet:-1, max-image-preview:large, max-video-preview:-1\" \/>\n<link rel=\"canonical\" href=\"https:\/\/economia-sustentavel.com\/en\/selecionar\/\" \/>\n<meta property=\"og:locale\" content=\"en_GB\" \/>\n<meta property=\"og:type\" content=\"article\" \/>\n<meta property=\"og:title\" content=\"Selecionar - AESS economia sustentavel\" \/>\n<meta property=\"og:description\" content=\"Selecionar H\u00e1 momentos que fazemos escolhas fundamentadas e com base no livre-arb\u00edtrio. Por isso escolhi e a minha dire\u00e7\u00e3o \u00e9: Desenvolver o meu projeto &#8211; My lifestyle business Analisar o meu perfil profissional Desenvolver os meus talentos e compet\u00eancias (ver artigo dons e talentos) Enveredar pela mudan\u00e7a (de profiss\u00e3o, de \u00e1rea de estudo, de vida, [&hellip;]\" \/>\n<meta property=\"og:url\" content=\"https:\/\/economia-sustentavel.com\/en\/selecionar\/\" \/>\n<meta property=\"og:site_name\" content=\"AESS economia sustentavel\" \/>\n<meta property=\"article:modified_time\" content=\"2021-08-02T08:19:30+00:00\" \/>\n<meta property=\"og:image\" content=\"https:\/\/economia-sustentavel.com\/wp-content\/uploads\/2021\/05\/jon-tyson-PXB7yEM5LVs-unsplash-768x1024.jpg\" \/>\n\t<meta property=\"og:image:width\" content=\"768\" \/>\n\t<meta property=\"og:image:height\" content=\"1024\" \/>\n\t<meta property=\"og:image:type\" content=\"image\/jpeg\" \/>\n<meta name=\"twitter:card\" content=\"summary_large_image\" \/>\n<meta name=\"twitter:label1\" content=\"Estimated reading time\" \/>\n\t<meta name=\"twitter:data1\" content=\"1 minute\" \/>\n<script type=\"application\/ld+json\" class=\"yoast-schema-graph\">{\"@context\":\"https:\/\/schema.org\",\"@graph\":[{\"@type\":\"WebPage\",\"@id\":\"https:\/\/economia-sustentavel.com\/selecionar\/\",\"url\":\"https:\/\/economia-sustentavel.com\/selecionar\/\",\"name\":\"Selecionar - AESS economia sustentavel\",\"isPartOf\":{\"@id\":\"https:\/\/economia-sustentavel.com\/#website\"},\"primaryImageOfPage\":{\"@id\":\"https:\/\/economia-sustentavel.com\/selecionar\/#primaryimage\"},\"image\":{\"@id\":\"https:\/\/economia-sustentavel.com\/selecionar\/#primaryimage\"},\"thumbnailUrl\":\"https:\/\/economia-sustentavel.com\/wp-content\/uploads\/2021\/05\/jon-tyson-PXB7yEM5LVs-unsplash-scaled.jpg\",\"datePublished\":\"2021-05-05T00:35:35+00:00\",\"dateModified\":\"2021-08-02T08:19:30+00:00\",\"breadcrumb\":{\"@id\":\"https:\/\/economia-sustentavel.com\/selecionar\/#breadcrumb\"},\"inLanguage\":\"en-GB\",\"potentialAction\":[{\"@type\":\"ReadAction\",\"target\":[\"https:\/\/economia-sustentavel.com\/selecionar\/\"]}]},{\"@type\":\"ImageObject\",\"inLanguage\":\"en-GB\",\"@id\":\"https:\/\/economia-sustentavel.com\/selecionar\/#primaryimage\",\"url\":\"https:\/\/economia-sustentavel.com\/wp-content\/uploads\/2021\/05\/jon-tyson-PXB7yEM5LVs-unsplash-scaled.jpg\",\"contentUrl\":\"https:\/\/economia-sustentavel.com\/wp-content\/uploads\/2021\/05\/jon-tyson-PXB7yEM5LVs-unsplash-scaled.jpg\",\"width\":1920,\"height\":2560},{\"@type\":\"BreadcrumbList\",\"@id\":\"https:\/\/economia-sustentavel.com\/selecionar\/#breadcrumb\",\"itemListElement\":[{\"@type\":\"ListItem\",\"position\":1,\"name\":\"Home\",\"item\":\"https:\/\/economia-sustentavel.com\/\"},{\"@type\":\"ListItem\",\"position\":2,\"name\":\"Selecionar\"}]},{\"@type\":\"WebSite\",\"@id\":\"https:\/\/economia-sustentavel.com\/#website\",\"url\":\"https:\/\/economia-sustentavel.com\/\",\"name\":\"AESS economia sustentavel\",\"description\":\"Just another WordPress site\",\"potentialAction\":[{\"@type\":\"SearchAction\",\"target\":{\"@type\":\"EntryPoint\",\"urlTemplate\":\"https:\/\/economia-sustentavel.com\/?s={search_term_string}\"},\"query-input\":{\"@type\":\"PropertyValueSpecification\",\"valueRequired\":true,\"valueName\":\"search_term_string\"}}],\"inLanguage\":\"en-GB\"}]}<\/script>\n<!-- \/ Yoast SEO plugin. -->","yoast_head_json":{"title":"Selecionar - AESS economia sustentavel","robots":{"index":"index","follow":"follow","max-snippet":"max-snippet:-1","max-image-preview":"max-image-preview:large","max-video-preview":"max-video-preview:-1"},"canonical":"https:\/\/economia-sustentavel.com\/en\/selecionar\/","og_locale":"en_GB","og_type":"article","og_title":"Selecionar - AESS economia sustentavel","og_description":"Selecionar H\u00e1 momentos que fazemos escolhas fundamentadas e com base no livre-arb\u00edtrio. Por isso escolhi e a minha dire\u00e7\u00e3o \u00e9: Desenvolver o meu projeto &#8211; My lifestyle business Analisar o meu perfil profissional Desenvolver os meus talentos e compet\u00eancias (ver artigo dons e talentos) Enveredar pela mudan\u00e7a (de profiss\u00e3o, de \u00e1rea de estudo, de vida, [&hellip;]","og_url":"https:\/\/economia-sustentavel.com\/en\/selecionar\/","og_site_name":"AESS economia sustentavel","article_modified_time":"2021-08-02T08:19:30+00:00","og_image":[{"width":768,"height":1024,"url":"https:\/\/economia-sustentavel.com\/wp-content\/uploads\/2021\/05\/jon-tyson-PXB7yEM5LVs-unsplash-768x1024.jpg","type":"image\/jpeg"}],"twitter_card":"summary_large_image","twitter_misc":{"Estimated reading time":"1 minute"},"schema":{"@context":"https:\/\/schema.org","@graph":[{"@type":"WebPage","@id":"https:\/\/economia-sustentavel.com\/selecionar\/","url":"https:\/\/economia-sustentavel.com\/selecionar\/","name":"Selecionar - AESS economia sustentavel","isPartOf":{"@id":"https:\/\/economia-sustentavel.com\/#website"},"primaryImageOfPage":{"@id":"https:\/\/economia-sustentavel.com\/selecionar\/#primaryimage"},"image":{"@id":"https:\/\/economia-sustentavel.com\/selecionar\/#primaryimage"},"thumbnailUrl":"https:\/\/economia-sustentavel.com\/wp-content\/uploads\/2021\/05\/jon-tyson-PXB7yEM5LVs-unsplash-scaled.jpg","datePublished":"2021-05-05T00:35:35+00:00","dateModified":"2021-08-02T08:19:30+00:00","breadcrumb":{"@id":"https:\/\/economia-sustentavel.com\/selecionar\/#breadcrumb"},"inLanguage":"en-GB","potentialAction":[{"@type":"ReadAction","target":["https:\/\/economia-sustentavel.com\/selecionar\/"]}]},{"@type":"ImageObject","inLanguage":"en-GB","@id":"https:\/\/economia-sustentavel.com\/selecionar\/#primaryimage","url":"https:\/\/economia-sustentavel.com\/wp-content\/uploads\/2021\/05\/jon-tyson-PXB7yEM5LVs-unsplash-scaled.jpg","contentUrl":"https:\/\/economia-sustentavel.com\/wp-content\/uploads\/2021\/05\/jon-tyson-PXB7yEM5LVs-unsplash-scaled.jpg","width":1920,"height":2560},{"@type":"BreadcrumbList","@id":"https:\/\/economia-sustentavel.com\/selecionar\/#breadcrumb","itemListElement":[{"@type":"ListItem","position":1,"name":"Home","item":"https:\/\/economia-sustentavel.com\/"},{"@type":"ListItem","position":2,"name":"Selecionar"}]},{"@type":"WebSite","@id":"https:\/\/economia-sustentavel.com\/#website","url":"https:\/\/economia-sustentavel.com\/","name":"AESS economia sustentavel","description":"Just another WordPress site","potentialAction":[{"@type":"SearchAction","target":{"@type":"EntryPoint","urlTemplate":"https:\/\/economia-sustentavel.com\/?s={search_term_string}"},"query-input":{"@type":"PropertyValueSpecification","valueRequired":true,"valueName":"search_term_string"}}],"inLanguage":"en-GB"}]}},"_links":{"self":[{"href":"https:\/\/economia-sustentavel.com\/en\/wp-json\/wp\/v2\/pages\/7024","targetHints":{"allow":["GET"]}}],"collection":[{"href":"https:\/\/economia-sustentavel.com\/en\/wp-json\/wp\/v2\/pages"}],"about":[{"href":"https:\/\/economia-sustentavel.com\/en\/wp-json\/wp\/v2\/types\/page"}],"author":[{"embeddable":true,"href":"https:\/\/economia-sustentavel.com\/en\/wp-json\/wp\/v2\/users\/1"}],"replies":[{"embeddable":true,"href":"https:\/\/economia-sustentavel.com\/en\/wp-json\/wp\/v2\/comments?post=7024"}],"version-history":[{"count":35,"href":"https:\/\/economia-sustentavel.com\/en\/wp-json\/wp\/v2\/pages\/7024\/revisions"}],"predecessor-version":[{"id":7320,"href":"https:\/\/economia-sustentavel.com\/en\/wp-json\/wp\/v2\/pages\/7024\/revisions\/7320"}],"wp:featuredmedia":[{"embeddable":true,"href":"https:\/\/economia-sustentavel.com\/en\/wp-json\/wp\/v2\/media\/6988"}],"wp:attachment":[{"href":"https:\/\/economia-sustentavel.com\/en\/wp-json\/wp\/v2\/media?parent=7024"}],"curies":[{"name":"wp","href":"https:\/\/api.w.org\/{rel}","templated":true}]}}