{"id":7013,"date":"2021-05-05T00:29:47","date_gmt":"2021-05-05T00:29:47","guid":{"rendered":"https:\/\/economia-sustentavel.com\/?page_id=7013"},"modified":"2021-07-27T11:54:51","modified_gmt":"2021-07-27T11:54:51","slug":"empreender","status":"publish","type":"page","link":"https:\/\/economia-sustentavel.com\/en\/empreender\/","title":{"rendered":"Empreender"},"content":{"rendered":"\t\t<div data-elementor-type=\"wp-page\" data-elementor-id=\"7013\" class=\"elementor elementor-7013\">\n\t\t\t\t\t\t<section class=\"elementor-section elementor-top-section elementor-element elementor-element-380dedd0 elementor-section-boxed elementor-section-height-default elementor-section-height-default\" data-id=\"380dedd0\" data-element_type=\"section\" data-e-type=\"section\">\n\t\t\t\t\t\t<div class=\"elementor-container elementor-column-gap-default\">\n\t\t\t\t\t<div class=\"elementor-column elementor-col-100 elementor-top-column elementor-element elementor-element-31ddd004\" data-id=\"31ddd004\" data-element_type=\"column\" data-e-type=\"column\">\n\t\t\t<div class=\"elementor-widget-wrap elementor-element-populated\">\n\t\t\t\t\t\t<div class=\"elementor-element elementor-element-2e8eb7e elementor-widget elementor-widget-text-editor\" data-id=\"2e8eb7e\" data-element_type=\"widget\" data-e-type=\"widget\" data-widget_type=\"text-editor.default\">\n\t\t\t\t<div class=\"elementor-widget-container\">\n\t\t\t\t\t\t\t\t\t<p>H\u00e1 momentos em que somos invadidos pelo \u00edmpeto e nos passa algo pela nossa mente que temos necessidade de saber como \u00e9. Se temos a inten\u00e7\u00e3o ou decidimos explorar possibilidades estamos a <strong>empreender.<\/strong><\/p><ul><li>Tenho uma ideia e como aprender sobre empreendedorismo?<\/li><li>Como explorar se \u00e9 a melhor op\u00e7\u00e3o para mim?<\/li><li>Devo continuar onde estou?<\/li><li>O que preciso de saber?<\/li><li>O que preciso para concretizar a minha ideia?<\/li><li>Que compet\u00eancias posso aprender?<\/li><\/ul><p>Se estas s\u00e3o quest\u00f5es que pretende ver respondidas temos v\u00e1rias solu\u00e7\u00f5es para si.<\/p><p>Com um simples inqu\u00e9rito podemos obter algumas respostas que nos ajudam a dar-lhe uma dire\u00e7\u00e3o. Tempos programas de forma\u00e7\u00e3o sobre v\u00e1rios assuntos, que v\u00e3o desde a explora\u00e7\u00e3o das suas ideias, assim como a coloca\u00e7\u00e3o de quest\u00f5es que s\u00e3o fulcrais para fundamentar as decis\u00f5es, ou para necessidade de explorar ainda mais o mercado, ou outras.<\/p><p>Nos links abaixo encontra 2 tipos de inqu\u00e9ritos, para:<\/p><ul><li><a href=\"https:\/\/forms.gle\/DpajaGf7mcKony2c6\">Situa\u00e7\u00f5es de pessoas com traquejo profissional e numa etapa de vida mais avan\u00e7ada, embora com apet\u00eancia a novos desafios.<\/a><\/li><li><a href=\"https:\/\/forms.gle\/cwCfbUEZYbTU7KK98\">Situa\u00e7\u00f5es de pessoas mais jovens e menos investidos profissionalmente, dispostos a prosseguirem as suas ideias e ambi\u00e7\u00f5es.<\/a><\/li><\/ul><p>Estes inqu\u00e9ritos s\u00e3o autoavalia\u00e7\u00f5es meramente indicativas e sem implica\u00e7\u00f5es conclusivas acerca de solu\u00e7\u00f5es ou poss\u00edveis caminhos.<\/p><p>Qualquer um deles pode ser respondido de imediato, ou se necessitar de mais informa\u00e7\u00e3o antes de responder ao inqu\u00e9rito pode-nos escrever via <strong>formul\u00e1rio<\/strong> ou via <a href=\"mailto:geral@economia-sustent%C3%A1vel.com\">geral@economia-sustent\u00e1vel.com<\/a> ou ligar-nos para: 219\u00a0834\u00a0310.<\/p>\t\t\t\t\t\t\t\t<\/div>\n\t\t\t\t<\/div>\n\t\t\t\t<div class=\"elementor-element elementor-element-04f652a elementor-widget elementor-widget-shortcode\" data-id=\"04f652a\" data-element_type=\"widget\" data-e-type=\"widget\" data-widget_type=\"shortcode.default\">\n\t\t\t\t<div class=\"elementor-widget-container\">\n\t\t\t\t\t\t\t<div class=\"elementor-shortcode\"><div class=\"wpforms-container wpforms-container-full\" id=\"wpforms-7289\"><form id=\"wpforms-form-7289\" class=\"wpforms-validate wpforms-form\" data-formid=\"7289\" method=\"post\" enctype=\"multipart\/form-data\" action=\"\/en\/wp-json\/wp\/v2\/pages\/7013\" data-token=\"3bac4aa023f937b5c0b98122d7cbed2b\" data-token-time=\"1776311139\"><noscript class=\"wpforms-error-noscript\">Please enable JavaScript in your browser to complete this form.<\/noscript><div class=\"wpforms-field-container\"><div id=\"wpforms-7289-field_0-container\" class=\"wpforms-field wpforms-field-name\" data-field-id=\"0\"><label class=\"wpforms-field-label\" for=\"wpforms-7289-field_0\">Nome <span class=\"wpforms-required-label\">*<\/span><\/label><input type=\"text\" id=\"wpforms-7289-field_0\" class=\"wpforms-field-medium wpforms-field-required\" name=\"wpforms[fields][0]\" required><\/div><div id=\"wpforms-7289-field_1-container\" class=\"wpforms-field wpforms-field-email\" data-field-id=\"1\"><label class=\"wpforms-field-label\" for=\"wpforms-7289-field_1\">Email <span class=\"wpforms-required-label\">*<\/span><\/label><input type=\"email\" id=\"wpforms-7289-field_1\" class=\"wpforms-field-medium wpforms-field-required\" name=\"wpforms[fields][1]\" spellcheck=\"false\" required><\/div><div id=\"wpforms-7289-field_2-container\" class=\"wpforms-field wpforms-field-textarea\" data-field-id=\"2\"><label class=\"wpforms-field-label\" for=\"wpforms-7289-field_2\">Escreva aqui a sua mensagem <span class=\"wpforms-required-label\">*<\/span><\/label><textarea id=\"wpforms-7289-field_2\" class=\"wpforms-field-medium wpforms-field-required\" name=\"wpforms[fields][2]\" required><\/textarea><\/div><\/div><!-- .wpforms-field-container --><div class=\"wpforms-submit-container\" ><input type=\"hidden\" name=\"wpforms[id]\" value=\"7289\"><input type=\"hidden\" name=\"page_title\" value=\"\"><input type=\"hidden\" name=\"page_url\" value=\"https:\/\/economia-sustentavel.com\/en\/wp-json\/wp\/v2\/pages\/7013\"><input type=\"hidden\" name=\"url_referer\" value=\"\"><button type=\"submit\" name=\"wpforms[submit]\" id=\"wpforms-submit-7289\" class=\"wpforms-submit\" data-alt-text=\"Enviar \" data-submit-text=\"Enviar\" aria-live=\"assertive\" value=\"wpforms-submit\">Enviar<\/button><\/div><\/form><\/div>  <!-- .wpforms-container --><\/div>\n\t\t\t\t\t\t<\/div>\n\t\t\t\t<\/div>\n\t\t\t\t\t<\/div>\n\t\t<\/div>\n\t\t\t\t\t<\/div>\n\t\t<\/section>\n\t\t\t\t<\/div>\n\t\t","protected":false},"excerpt":{"rendered":"<p>Empreender H\u00e1 momentos em que somos invadidos pelo \u00edmpeto e nos passa algo pela nossa mente que temos necessidade de saber como \u00e9. Se temos a inten\u00e7\u00e3o ou decidimos explorar possibilidades estamos a empreender. Tenho uma ideia e como aprender sobre empreendedorismo? Como explorar se \u00e9 a melhor op\u00e7\u00e3o para mim? Devo continuar onde estou? [&hellip;]<\/p>\n","protected":false},"author":1,"featured_media":7101,"parent":0,"menu_order":0,"comment_status":"closed","ping_status":"closed","template":"","meta":{"footnotes":""},"class_list":["post-7013","page","type-page","status-publish","has-post-thumbnail","hentry"],"yoast_head":"<!-- This site is optimized with the Yoast SEO plugin v27.2 - https:\/\/yoast.com\/product\/yoast-seo-wordpress\/ -->\n<title>Empreender - AESS economia sustentavel<\/title>\n<meta name=\"robots\" content=\"index, follow, max-snippet:-1, max-image-preview:large, max-video-preview:-1\" \/>\n<link rel=\"canonical\" href=\"https:\/\/economia-sustentavel.com\/en\/empreender\/\" \/>\n<meta property=\"og:locale\" content=\"en_GB\" \/>\n<meta property=\"og:type\" content=\"article\" \/>\n<meta property=\"og:title\" content=\"Empreender - AESS economia sustentavel\" \/>\n<meta property=\"og:description\" content=\"Empreender H\u00e1 momentos em que somos invadidos pelo \u00edmpeto e nos passa algo pela nossa mente que temos necessidade de saber como \u00e9. Se temos a inten\u00e7\u00e3o ou decidimos explorar possibilidades estamos a empreender. Tenho uma ideia e como aprender sobre empreendedorismo? Como explorar se \u00e9 a melhor op\u00e7\u00e3o para mim? Devo continuar onde estou? [&hellip;]\" \/>\n<meta property=\"og:url\" content=\"https:\/\/economia-sustentavel.com\/en\/empreender\/\" \/>\n<meta property=\"og:site_name\" content=\"AESS economia sustentavel\" \/>\n<meta property=\"article:modified_time\" content=\"2021-07-27T11:54:51+00:00\" \/>\n<meta property=\"og:image\" content=\"https:\/\/economia-sustentavel.com\/wp-content\/uploads\/2021\/05\/pexels-anete-lusina-4792509-1-scaled.jpg\" \/>\n\t<meta property=\"og:image:width\" content=\"2560\" \/>\n\t<meta property=\"og:image:height\" content=\"2527\" \/>\n\t<meta property=\"og:image:type\" content=\"image\/jpeg\" \/>\n<meta name=\"twitter:card\" content=\"summary_large_image\" \/>\n<meta name=\"twitter:label1\" content=\"Estimated reading time\" \/>\n\t<meta name=\"twitter:data1\" content=\"2 minutes\" \/>\n<script type=\"application\/ld+json\" class=\"yoast-schema-graph\">{\"@context\":\"https:\/\/schema.org\",\"@graph\":[{\"@type\":\"WebPage\",\"@id\":\"https:\/\/economia-sustentavel.com\/empreender\/\",\"url\":\"https:\/\/economia-sustentavel.com\/empreender\/\",\"name\":\"Empreender - AESS economia sustentavel\",\"isPartOf\":{\"@id\":\"https:\/\/economia-sustentavel.com\/#website\"},\"primaryImageOfPage\":{\"@id\":\"https:\/\/economia-sustentavel.com\/empreender\/#primaryimage\"},\"image\":{\"@id\":\"https:\/\/economia-sustentavel.com\/empreender\/#primaryimage\"},\"thumbnailUrl\":\"https:\/\/economia-sustentavel.com\/wp-content\/uploads\/2021\/05\/pexels-anete-lusina-4792509-1-scaled.jpg\",\"datePublished\":\"2021-05-05T00:29:47+00:00\",\"dateModified\":\"2021-07-27T11:54:51+00:00\",\"breadcrumb\":{\"@id\":\"https:\/\/economia-sustentavel.com\/empreender\/#breadcrumb\"},\"inLanguage\":\"en-GB\",\"potentialAction\":[{\"@type\":\"ReadAction\",\"target\":[\"https:\/\/economia-sustentavel.com\/empreender\/\"]}]},{\"@type\":\"ImageObject\",\"inLanguage\":\"en-GB\",\"@id\":\"https:\/\/economia-sustentavel.com\/empreender\/#primaryimage\",\"url\":\"https:\/\/economia-sustentavel.com\/wp-content\/uploads\/2021\/05\/pexels-anete-lusina-4792509-1-scaled.jpg\",\"contentUrl\":\"https:\/\/economia-sustentavel.com\/wp-content\/uploads\/2021\/05\/pexels-anete-lusina-4792509-1-scaled.jpg\",\"width\":2560,\"height\":2527},{\"@type\":\"BreadcrumbList\",\"@id\":\"https:\/\/economia-sustentavel.com\/empreender\/#breadcrumb\",\"itemListElement\":[{\"@type\":\"ListItem\",\"position\":1,\"name\":\"Home\",\"item\":\"https:\/\/economia-sustentavel.com\/\"},{\"@type\":\"ListItem\",\"position\":2,\"name\":\"Empreender\"}]},{\"@type\":\"WebSite\",\"@id\":\"https:\/\/economia-sustentavel.com\/#website\",\"url\":\"https:\/\/economia-sustentavel.com\/\",\"name\":\"AESS economia sustentavel\",\"description\":\"Just another WordPress site\",\"potentialAction\":[{\"@type\":\"SearchAction\",\"target\":{\"@type\":\"EntryPoint\",\"urlTemplate\":\"https:\/\/economia-sustentavel.com\/?s={search_term_string}\"},\"query-input\":{\"@type\":\"PropertyValueSpecification\",\"valueRequired\":true,\"valueName\":\"search_term_string\"}}],\"inLanguage\":\"en-GB\"}]}<\/script>\n<!-- \/ Yoast SEO plugin. -->","yoast_head_json":{"title":"Empreender - AESS economia sustentavel","robots":{"index":"index","follow":"follow","max-snippet":"max-snippet:-1","max-image-preview":"max-image-preview:large","max-video-preview":"max-video-preview:-1"},"canonical":"https:\/\/economia-sustentavel.com\/en\/empreender\/","og_locale":"en_GB","og_type":"article","og_title":"Empreender - AESS economia sustentavel","og_description":"Empreender H\u00e1 momentos em que somos invadidos pelo \u00edmpeto e nos passa algo pela nossa mente que temos necessidade de saber como \u00e9. Se temos a inten\u00e7\u00e3o ou decidimos explorar possibilidades estamos a empreender. Tenho uma ideia e como aprender sobre empreendedorismo? Como explorar se \u00e9 a melhor op\u00e7\u00e3o para mim? Devo continuar onde estou? [&hellip;]","og_url":"https:\/\/economia-sustentavel.com\/en\/empreender\/","og_site_name":"AESS economia sustentavel","article_modified_time":"2021-07-27T11:54:51+00:00","og_image":[{"width":2560,"height":2527,"url":"https:\/\/economia-sustentavel.com\/wp-content\/uploads\/2021\/05\/pexels-anete-lusina-4792509-1-scaled.jpg","type":"image\/jpeg"}],"twitter_card":"summary_large_image","twitter_misc":{"Estimated reading time":"2 minutes"},"schema":{"@context":"https:\/\/schema.org","@graph":[{"@type":"WebPage","@id":"https:\/\/economia-sustentavel.com\/empreender\/","url":"https:\/\/economia-sustentavel.com\/empreender\/","name":"Empreender - AESS economia sustentavel","isPartOf":{"@id":"https:\/\/economia-sustentavel.com\/#website"},"primaryImageOfPage":{"@id":"https:\/\/economia-sustentavel.com\/empreender\/#primaryimage"},"image":{"@id":"https:\/\/economia-sustentavel.com\/empreender\/#primaryimage"},"thumbnailUrl":"https:\/\/economia-sustentavel.com\/wp-content\/uploads\/2021\/05\/pexels-anete-lusina-4792509-1-scaled.jpg","datePublished":"2021-05-05T00:29:47+00:00","dateModified":"2021-07-27T11:54:51+00:00","breadcrumb":{"@id":"https:\/\/economia-sustentavel.com\/empreender\/#breadcrumb"},"inLanguage":"en-GB","potentialAction":[{"@type":"ReadAction","target":["https:\/\/economia-sustentavel.com\/empreender\/"]}]},{"@type":"ImageObject","inLanguage":"en-GB","@id":"https:\/\/economia-sustentavel.com\/empreender\/#primaryimage","url":"https:\/\/economia-sustentavel.com\/wp-content\/uploads\/2021\/05\/pexels-anete-lusina-4792509-1-scaled.jpg","contentUrl":"https:\/\/economia-sustentavel.com\/wp-content\/uploads\/2021\/05\/pexels-anete-lusina-4792509-1-scaled.jpg","width":2560,"height":2527},{"@type":"BreadcrumbList","@id":"https:\/\/economia-sustentavel.com\/empreender\/#breadcrumb","itemListElement":[{"@type":"ListItem","position":1,"name":"Home","item":"https:\/\/economia-sustentavel.com\/"},{"@type":"ListItem","position":2,"name":"Empreender"}]},{"@type":"WebSite","@id":"https:\/\/economia-sustentavel.com\/#website","url":"https:\/\/economia-sustentavel.com\/","name":"AESS economia sustentavel","description":"Just another WordPress site","potentialAction":[{"@type":"SearchAction","target":{"@type":"EntryPoint","urlTemplate":"https:\/\/economia-sustentavel.com\/?s={search_term_string}"},"query-input":{"@type":"PropertyValueSpecification","valueRequired":true,"valueName":"search_term_string"}}],"inLanguage":"en-GB"}]}},"_links":{"self":[{"href":"https:\/\/economia-sustentavel.com\/en\/wp-json\/wp\/v2\/pages\/7013","targetHints":{"allow":["GET"]}}],"collection":[{"href":"https:\/\/economia-sustentavel.com\/en\/wp-json\/wp\/v2\/pages"}],"about":[{"href":"https:\/\/economia-sustentavel.com\/en\/wp-json\/wp\/v2\/types\/page"}],"author":[{"embeddable":true,"href":"https:\/\/economia-sustentavel.com\/en\/wp-json\/wp\/v2\/users\/1"}],"replies":[{"embeddable":true,"href":"https:\/\/economia-sustentavel.com\/en\/wp-json\/wp\/v2\/comments?post=7013"}],"version-history":[{"count":32,"href":"https:\/\/economia-sustentavel.com\/en\/wp-json\/wp\/v2\/pages\/7013\/revisions"}],"predecessor-version":[{"id":7318,"href":"https:\/\/economia-sustentavel.com\/en\/wp-json\/wp\/v2\/pages\/7013\/revisions\/7318"}],"wp:featuredmedia":[{"embeddable":true,"href":"https:\/\/economia-sustentavel.com\/en\/wp-json\/wp\/v2\/media\/7101"}],"wp:attachment":[{"href":"https:\/\/economia-sustentavel.com\/en\/wp-json\/wp\/v2\/media?parent=7013"}],"curies":[{"name":"wp","href":"https:\/\/api.w.org\/{rel}","templated":true}]}}