{"id":6987,"date":"2021-05-04T13:18:46","date_gmt":"2021-05-04T13:18:46","guid":{"rendered":"https:\/\/economia-sustentavel.com\/?page_id=6987"},"modified":"2025-10-09T15:15:05","modified_gmt":"2025-10-09T15:15:05","slug":"matrizaess","status":"publish","type":"page","link":"https:\/\/economia-sustentavel.com\/en\/matrizaess\/","title":{"rendered":"Matriz AESS"},"content":{"rendered":"<div data-elementor-type=\"wp-page\" data-elementor-id=\"6987\" class=\"elementor elementor-6987\">\n\t\t\t\t\t\t<section class=\"elementor-section elementor-top-section elementor-element elementor-element-490a57f elementor-section-boxed elementor-section-height-default elementor-section-height-default\" data-id=\"490a57f\" data-element_type=\"section\" data-e-type=\"section\">\n\t\t\t\t\t\t<div class=\"elementor-container elementor-column-gap-default\">\n\t\t\t\t\t<div class=\"elementor-column elementor-col-100 elementor-top-column elementor-element elementor-element-8019ff3\" data-id=\"8019ff3\" data-element_type=\"column\" data-e-type=\"column\">\n\t\t\t<div class=\"elementor-widget-wrap elementor-element-populated\">\n\t\t\t\t\t\t<div class=\"elementor-element elementor-element-21e2a57 elementor-widget elementor-widget-heading\" data-id=\"21e2a57\" data-element_type=\"widget\" data-e-type=\"widget\" data-widget_type=\"heading.default\">\n\t\t\t\t<div class=\"elementor-widget-container\">\n\t\t\t\t\t<h3 class=\"elementor-heading-title elementor-size-large\">Matriz AESS<\/h3>\t\t\t\t<\/div>\n\t\t\t\t<\/div>\n\t\t\t\t<div class=\"elementor-element elementor-element-3e73f16 elementor-widget-divider--view-line elementor-widget elementor-widget-divider\" data-id=\"3e73f16\" data-element_type=\"widget\" data-e-type=\"widget\" data-widget_type=\"divider.default\">\n\t\t\t\t<div class=\"elementor-widget-container\">\n\t\t\t\t\t\t\t<div class=\"elementor-divider\">\n\t\t\t<span class=\"elementor-divider-separator\">\n\t\t\t\t\t\t<\/span>\n\t\t<\/div>\n\t\t\t\t\t\t<\/div>\n\t\t\t\t<\/div>\n\t\t\t\t\t<\/div>\n\t\t<\/div>\n\t\t\t\t\t<\/div>\n\t\t<\/section>\n\t\t\t\t<section class=\"elementor-section elementor-top-section elementor-element elementor-element-d20dd83 elementor-section-boxed elementor-section-height-default elementor-section-height-default\" data-id=\"d20dd83\" data-element_type=\"section\" data-e-type=\"section\">\n\t\t\t\t\t\t<div class=\"elementor-container elementor-column-gap-default\">\n\t\t\t\t\t<div class=\"elementor-column elementor-col-100 elementor-top-column elementor-element elementor-element-87ac2ff\" data-id=\"87ac2ff\" data-element_type=\"column\" data-e-type=\"column\">\n\t\t\t<div class=\"elementor-widget-wrap elementor-element-populated\">\n\t\t\t\t\t\t<div class=\"elementor-element elementor-element-8614973 elementor-widget elementor-widget-text-editor\" data-id=\"8614973\" data-element_type=\"widget\" data-e-type=\"widget\" data-widget_type=\"text-editor.default\">\n\t\t\t\t<div class=\"elementor-widget-container\">\n\t\t\t\t\t\t\t\t\t<p style=\"text-align: left;\">A matriz AESS \u00e9 um acr\u00f3nimo simb\u00f3lico de:<\/p>\t\t\t\t\t\t\t\t<\/div>\n\t\t\t\t<\/div>\n\t\t\t\t<div class=\"elementor-element elementor-element-c40885d elementor-widget elementor-widget-image\" data-id=\"c40885d\" data-element_type=\"widget\" data-e-type=\"widget\" data-widget_type=\"image.default\">\n\t\t\t\t<div class=\"elementor-widget-container\">\n\t\t\t\t\t\t\t\t\t\t\t\t\t\t\t<img fetchpriority=\"high\" decoding=\"async\" width=\"800\" height=\"364\" src=\"https:\/\/economia-sustentavel.com\/wp-content\/uploads\/2021\/07\/Matriz-AESS-copia-1024x466.png\" class=\"attachment-large size-large wp-image-7311\" alt=\"\" srcset=\"https:\/\/economia-sustentavel.com\/wp-content\/uploads\/2021\/07\/Matriz-AESS-copia-1024x466.png 1024w, https:\/\/economia-sustentavel.com\/wp-content\/uploads\/2021\/07\/Matriz-AESS-copia-300x137.png 300w, https:\/\/economia-sustentavel.com\/wp-content\/uploads\/2021\/07\/Matriz-AESS-copia-768x350.png 768w, https:\/\/economia-sustentavel.com\/wp-content\/uploads\/2021\/07\/Matriz-AESS-copia-1536x699.png 1536w, https:\/\/economia-sustentavel.com\/wp-content\/uploads\/2021\/07\/Matriz-AESS-copia-2048x932.png 2048w, https:\/\/economia-sustentavel.com\/wp-content\/uploads\/2021\/07\/Matriz-AESS-copia-16x7.png 16w\" sizes=\"(max-width: 800px) 100vw, 800px\" \/>\t\t\t\t\t\t\t\t\t\t\t\t\t\t\t<\/div>\n\t\t\t\t<\/div>\n\t\t\t\t<div class=\"elementor-element elementor-element-f86de8c elementor-widget elementor-widget-text-editor\" data-id=\"f86de8c\" data-element_type=\"widget\" data-e-type=\"widget\" data-widget_type=\"text-editor.default\">\n\t\t\t\t<div class=\"elementor-widget-container\">\n\t\t\t\t\t\t\t\t\t<p style=\"text-align: left;\">Alberga a diversidade de servi\u00e7os que prestamos.<\/p>\t\t\t\t\t\t\t\t<\/div>\n\t\t\t\t<\/div>\n\t\t\t\t<div class=\"elementor-element elementor-element-b4c5789 elementor-widget elementor-widget-text-editor\" data-id=\"b4c5789\" data-element_type=\"widget\" data-e-type=\"widget\" data-widget_type=\"text-editor.default\">\n\t\t\t\t<div class=\"elementor-widget-container\">\n\t\t\t\t\t\t\t\t\t<p style=\"text-align: left;\">Todas as op\u00e7\u00f5es da <strong>Matriz\u00a0<\/strong>funcionam independentes umas das outras ou podem ser sequenciais.<\/p>\t\t\t\t\t\t\t\t<\/div>\n\t\t\t\t<\/div>\n\t\t\t\t<div class=\"elementor-element elementor-element-2800224 elementor-widget elementor-widget-text-editor\" data-id=\"2800224\" data-element_type=\"widget\" data-e-type=\"widget\" data-widget_type=\"text-editor.default\">\n\t\t\t\t<div class=\"elementor-widget-container\">\n\t\t\t\t\t\t\t\t\t<p style=\"text-align: left;\">Active a sua curiosidade. \u00c9 o seu motivo, a situa\u00e7\u00e3o ou a urg\u00eancia que definem a sua agenda.\u00a0<\/p><p style=\"text-align: left;\"><strong>N\u00f3s, apenas nos ajustamos \u00e0s suas necessidades. \u00a0<\/strong><\/p>\t\t\t\t\t\t\t\t<\/div>\n\t\t\t\t<\/div>\n\t\t\t\t<div class=\"elementor-element elementor-element-202f35a elementor-widget elementor-widget-heading\" data-id=\"202f35a\" data-element_type=\"widget\" data-e-type=\"widget\" data-widget_type=\"heading.default\">\n\t\t\t\t<div class=\"elementor-widget-container\">\n\t\t\t\t\t<h3 class=\"elementor-heading-title elementor-size-large\">Somos regidos pelas seguintes inten\u00e7\u00f5es e princ\u00edpios:<\/h3>\t\t\t\t<\/div>\n\t\t\t\t<\/div>\n\t\t\t\t<div class=\"elementor-element elementor-element-1302a04 elementor-widget-divider--view-line elementor-widget elementor-widget-divider\" data-id=\"1302a04\" data-element_type=\"widget\" data-e-type=\"widget\" data-widget_type=\"divider.default\">\n\t\t\t\t<div class=\"elementor-widget-container\">\n\t\t\t\t\t\t\t<div class=\"elementor-divider\">\n\t\t\t<span class=\"elementor-divider-separator\">\n\t\t\t\t\t\t<\/span>\n\t\t<\/div>\n\t\t\t\t\t\t<\/div>\n\t\t\t\t<\/div>\n\t\t\t\t<div class=\"elementor-element elementor-element-5509ed4 elementor-align-start elementor-icon-list--layout-traditional elementor-list-item-link-full_width elementor-widget elementor-widget-icon-list\" data-id=\"5509ed4\" data-element_type=\"widget\" data-e-type=\"widget\" data-widget_type=\"icon-list.default\">\n\t\t\t\t<div class=\"elementor-widget-container\">\n\t\t\t\t\t\t\t<ul class=\"elementor-icon-list-items\">\n\t\t\t\t\t\t\t<li class=\"elementor-icon-list-item\">\n\t\t\t\t\t\t\t\t\t\t\t<span class=\"elementor-icon-list-icon\">\n\t\t\t\t\t\t\t<i aria-hidden=\"true\" class=\"fas fa-check\"><\/i>\t\t\t\t\t\t<\/span>\n\t\t\t\t\t\t\t\t\t\t<span class=\"elementor-icon-list-text\">Somos uma associa\u00e7\u00e3o sem fins lucrativos, no entanto temos que gerar receitas que suportem os nossos esfor\u00e7os;<\/span>\n\t\t\t\t\t\t\t\t\t<\/li>\n\t\t\t\t\t\t\t\t<li class=\"elementor-icon-list-item\">\n\t\t\t\t\t\t\t\t\t\t\t<span class=\"elementor-icon-list-icon\">\n\t\t\t\t\t\t\t<i aria-hidden=\"true\" class=\"fas fa-check\"><\/i>\t\t\t\t\t\t<\/span>\n\t\t\t\t\t\t\t\t\t\t<span class=\"elementor-icon-list-text\">Integridade \u00e9 a funda\u00e7\u00e3o para rela\u00e7\u00e3o de confian\u00e7a; a rela\u00e7\u00e3o de confian\u00e7a \u00e9 a funda\u00e7\u00e3o para a realiza\u00e7\u00e3o;<\/span>\n\t\t\t\t\t\t\t\t\t<\/li>\n\t\t\t\t\t\t\t\t<li class=\"elementor-icon-list-item\">\n\t\t\t\t\t\t\t\t\t\t\t<span class=\"elementor-icon-list-icon\">\n\t\t\t\t\t\t\t<i aria-hidden=\"true\" class=\"fas fa-check\"><\/i>\t\t\t\t\t\t<\/span>\n\t\t\t\t\t\t\t\t\t\t<span class=\"elementor-icon-list-text\">Acreditamos que todo ser humano tem a capacidade de exercer autogest\u00e3o;<\/span>\n\t\t\t\t\t\t\t\t\t<\/li>\n\t\t\t\t\t\t\t\t<li class=\"elementor-icon-list-item\">\n\t\t\t\t\t\t\t\t\t\t\t<span class=\"elementor-icon-list-icon\">\n\t\t\t\t\t\t\t<i aria-hidden=\"true\" class=\"fas fa-check\"><\/i>\t\t\t\t\t\t<\/span>\n\t\t\t\t\t\t\t\t\t\t<span class=\"elementor-icon-list-text\">Tempo n\u00e3o \u00e9 dinheiro, apenas vida!<\/span>\n\t\t\t\t\t\t\t\t\t<\/li>\n\t\t\t\t\t\t<\/ul>\n\t\t\t\t\t\t<\/div>\n\t\t\t\t<\/div>\n\t\t\t\t\t<\/div>\n\t\t<\/div>\n\t\t\t\t\t<\/div>\n\t\t<\/section>\n\t\t\t\t<section class=\"elementor-section elementor-top-section elementor-element elementor-element-8f58c29 elementor-section-height-min-height elementor-section-boxed elementor-section-height-default elementor-section-items-middle\" data-id=\"8f58c29\" data-element_type=\"section\" data-e-type=\"section\" data-settings=\"{&quot;background_background&quot;:&quot;classic&quot;}\">\n\t\t\t\t\t\t\t<div class=\"elementor-background-overlay\"><\/div>\n\t\t\t\t\t\t\t<div class=\"elementor-container elementor-column-gap-default\">\n\t\t\t\t\t<div class=\"elementor-column elementor-col-100 elementor-top-column elementor-element elementor-element-c2bd6a3\" data-id=\"c2bd6a3\" data-element_type=\"column\" data-e-type=\"column\">\n\t\t\t<div class=\"elementor-widget-wrap elementor-element-populated\">\n\t\t\t\t\t\t<div class=\"elementor-element elementor-element-03b0812 elementor-widget elementor-widget-elementskit-heading\" data-id=\"03b0812\" data-element_type=\"widget\" data-e-type=\"widget\" data-widget_type=\"elementskit-heading.default\">\n\t\t\t\t<div class=\"elementor-widget-container\">\n\t\t\t\t\t<div class=\"ekit-wid-con\" ><div class=\"ekit-heading elementskit-section-title-wraper text_left   ekit_heading_tablet-   ekit_heading_mobile-\"><h2 class=\"ekit-heading--title elementskit-section-title\">we transform your ideas<\/h2><div class=\"ekit_heading_separetor_wraper ekit_heading_elementskit-border-divider ekit-dotted\"><div class=\"elementskit-border-divider ekit-dotted\"><\/div><\/div><h3 class=\"ekit-heading--subtitle elementskit-section-subtitle\">\n\t\t\t\t\t\tThe opportunity to start your own business.\n\t\t\t\t\t<\/h3><\/div><\/div>\t\t\t\t<\/div>\n\t\t\t\t<\/div>\n\t\t\t\t<div class=\"elementor-element elementor-element-4e3bb46 elementor-align-left elementor-widget elementor-widget-elementskit-button\" data-id=\"4e3bb46\" data-element_type=\"widget\" data-e-type=\"widget\" data-widget_type=\"elementskit-button.default\">\n\t\t\t\t<div class=\"elementor-widget-container\">\n\t\t\t\t\t<div class=\"ekit-wid-con\" >\t\t<div class=\"ekit-btn-wraper\">\n\t\t\t\t\t\t\t<a href=\"https:\/\/economia-sustentavel.com\/en\/contactos\/\" class=\"elementskit-btn  whitespace--normal\" id=\"\">\n\t\t\t\t\tContact us\t\t\t\t<\/a>\n\t\t\t\t\t<\/div>\n        <\/div>\t\t\t\t<\/div>\n\t\t\t\t<\/div>\n\t\t\t\t\t<\/div>\n\t\t<\/div>\n\t\t\t\t\t<\/div>\n\t\t<\/section>\n\t\t\t\t<\/div>","protected":false},"excerpt":{"rendered":"<p>Matriz AESS A matriz AESS \u00e9 um acr\u00f3nimo simb\u00f3lico de: Alberga a diversidade de servi\u00e7os que prestamos. Todas as op\u00e7\u00f5es da Matriz\u00a0funcionam independentes umas das outras ou podem ser sequenciais. Active a sua curiosidade. \u00c9 o seu motivo, a situa\u00e7\u00e3o ou a urg\u00eancia que definem a sua agenda.\u00a0 N\u00f3s, apenas nos ajustamos \u00e0s suas necessidades. [&hellip;]<\/p>\n","protected":false},"author":1,"featured_media":0,"parent":0,"menu_order":0,"comment_status":"closed","ping_status":"closed","template":"elementor_header_footer","meta":{"footnotes":""},"class_list":["post-6987","page","type-page","status-publish","hentry"],"yoast_head":"<!-- This site is optimized with the Yoast SEO plugin v27.2 - https:\/\/yoast.com\/product\/yoast-seo-wordpress\/ -->\n<title>Matriz AESS - AESS economia sustentavel<\/title>\n<meta name=\"description\" content=\"Todas as op\u00e7\u00f5es da Matriz funcionam independentes umas das outras ou podem ser sequenciais.Active a sua curiosidade.\" \/>\n<meta name=\"robots\" content=\"index, follow, max-snippet:-1, max-image-preview:large, max-video-preview:-1\" \/>\n<link rel=\"canonical\" href=\"https:\/\/economia-sustentavel.com\/en\/matrizaess\/\" \/>\n<meta property=\"og:locale\" content=\"en_GB\" \/>\n<meta property=\"og:type\" content=\"article\" \/>\n<meta property=\"og:title\" content=\"Matriz AESS\" \/>\n<meta property=\"og:description\" content=\"Todas as op\u00e7\u00f5es da Matriz funcionam independentes umas das outras ou podem ser sequenciais. Active a sua curiosidade.\" \/>\n<meta property=\"og:url\" content=\"https:\/\/economia-sustentavel.com\/en\/matrizaess\/\" \/>\n<meta property=\"og:site_name\" content=\"AESS economia sustentavel\" \/>\n<meta property=\"article:modified_time\" content=\"2025-10-09T15:15:05+00:00\" \/>\n<meta property=\"og:image\" content=\"https:\/\/economia-sustentavel.com\/wp-content\/uploads\/2021\/07\/Matriz-AESS-copia.png\" \/>\n\t<meta property=\"og:image:width\" content=\"2344\" \/>\n\t<meta property=\"og:image:height\" content=\"1067\" \/>\n\t<meta property=\"og:image:type\" content=\"image\/png\" \/>\n<meta name=\"twitter:card\" content=\"summary_large_image\" \/>\n<meta name=\"twitter:label1\" content=\"Estimated reading time\" \/>\n\t<meta name=\"twitter:data1\" content=\"1 minute\" \/>\n<script type=\"application\/ld+json\" class=\"yoast-schema-graph\">{\"@context\":\"https:\/\/schema.org\",\"@graph\":[{\"@type\":\"WebPage\",\"@id\":\"https:\/\/economia-sustentavel.com\/matrizaess\/\",\"url\":\"https:\/\/economia-sustentavel.com\/matrizaess\/\",\"name\":\"Matriz AESS - AESS economia sustentavel\",\"isPartOf\":{\"@id\":\"https:\/\/economia-sustentavel.com\/#website\"},\"primaryImageOfPage\":{\"@id\":\"https:\/\/economia-sustentavel.com\/matrizaess\/#primaryimage\"},\"image\":{\"@id\":\"https:\/\/economia-sustentavel.com\/matrizaess\/#primaryimage\"},\"thumbnailUrl\":\"https:\/\/economia-sustentavel.com\/wp-content\/uploads\/2021\/07\/Matriz-AESS-copia-1024x466.png\",\"datePublished\":\"2021-05-04T13:18:46+00:00\",\"dateModified\":\"2025-10-09T15:15:05+00:00\",\"description\":\"Todas as op\u00e7\u00f5es da Matriz funcionam independentes umas das outras ou podem ser sequenciais.Active a sua curiosidade.\",\"breadcrumb\":{\"@id\":\"https:\/\/economia-sustentavel.com\/matrizaess\/#breadcrumb\"},\"inLanguage\":\"en-GB\",\"potentialAction\":[{\"@type\":\"ReadAction\",\"target\":[\"https:\/\/economia-sustentavel.com\/matrizaess\/\"]}]},{\"@type\":\"ImageObject\",\"inLanguage\":\"en-GB\",\"@id\":\"https:\/\/economia-sustentavel.com\/matrizaess\/#primaryimage\",\"url\":\"https:\/\/economia-sustentavel.com\/wp-content\/uploads\/2021\/07\/Matriz-AESS-copia-1024x466.png\",\"contentUrl\":\"https:\/\/economia-sustentavel.com\/wp-content\/uploads\/2021\/07\/Matriz-AESS-copia-1024x466.png\"},{\"@type\":\"BreadcrumbList\",\"@id\":\"https:\/\/economia-sustentavel.com\/matrizaess\/#breadcrumb\",\"itemListElement\":[{\"@type\":\"ListItem\",\"position\":1,\"name\":\"Home\",\"item\":\"https:\/\/economia-sustentavel.com\/\"},{\"@type\":\"ListItem\",\"position\":2,\"name\":\"Matriz AESS\"}]},{\"@type\":\"WebSite\",\"@id\":\"https:\/\/economia-sustentavel.com\/#website\",\"url\":\"https:\/\/economia-sustentavel.com\/\",\"name\":\"AESS economia sustentavel\",\"description\":\"Just another WordPress site\",\"potentialAction\":[{\"@type\":\"SearchAction\",\"target\":{\"@type\":\"EntryPoint\",\"urlTemplate\":\"https:\/\/economia-sustentavel.com\/?s={search_term_string}\"},\"query-input\":{\"@type\":\"PropertyValueSpecification\",\"valueRequired\":true,\"valueName\":\"search_term_string\"}}],\"inLanguage\":\"en-GB\"}]}<\/script>\n<!-- \/ Yoast SEO plugin. -->","yoast_head_json":{"title":"Matriz AESS - AESS economia sustentavel","description":"Todas as op\u00e7\u00f5es da Matriz funcionam independentes umas das outras ou podem ser sequenciais.Active a sua curiosidade.","robots":{"index":"index","follow":"follow","max-snippet":"max-snippet:-1","max-image-preview":"max-image-preview:large","max-video-preview":"max-video-preview:-1"},"canonical":"https:\/\/economia-sustentavel.com\/en\/matrizaess\/","og_locale":"en_GB","og_type":"article","og_title":"Matriz AESS","og_description":"Todas as op\u00e7\u00f5es da Matriz funcionam independentes umas das outras ou podem ser sequenciais. Active a sua curiosidade.","og_url":"https:\/\/economia-sustentavel.com\/en\/matrizaess\/","og_site_name":"AESS economia sustentavel","article_modified_time":"2025-10-09T15:15:05+00:00","og_image":[{"width":2344,"height":1067,"url":"https:\/\/economia-sustentavel.com\/wp-content\/uploads\/2021\/07\/Matriz-AESS-copia.png","type":"image\/png"}],"twitter_card":"summary_large_image","twitter_misc":{"Estimated reading time":"1 minute"},"schema":{"@context":"https:\/\/schema.org","@graph":[{"@type":"WebPage","@id":"https:\/\/economia-sustentavel.com\/matrizaess\/","url":"https:\/\/economia-sustentavel.com\/matrizaess\/","name":"Matriz AESS - AESS economia sustentavel","isPartOf":{"@id":"https:\/\/economia-sustentavel.com\/#website"},"primaryImageOfPage":{"@id":"https:\/\/economia-sustentavel.com\/matrizaess\/#primaryimage"},"image":{"@id":"https:\/\/economia-sustentavel.com\/matrizaess\/#primaryimage"},"thumbnailUrl":"https:\/\/economia-sustentavel.com\/wp-content\/uploads\/2021\/07\/Matriz-AESS-copia-1024x466.png","datePublished":"2021-05-04T13:18:46+00:00","dateModified":"2025-10-09T15:15:05+00:00","description":"Todas as op\u00e7\u00f5es da Matriz funcionam independentes umas das outras ou podem ser sequenciais.Active a sua curiosidade.","breadcrumb":{"@id":"https:\/\/economia-sustentavel.com\/matrizaess\/#breadcrumb"},"inLanguage":"en-GB","potentialAction":[{"@type":"ReadAction","target":["https:\/\/economia-sustentavel.com\/matrizaess\/"]}]},{"@type":"ImageObject","inLanguage":"en-GB","@id":"https:\/\/economia-sustentavel.com\/matrizaess\/#primaryimage","url":"https:\/\/economia-sustentavel.com\/wp-content\/uploads\/2021\/07\/Matriz-AESS-copia-1024x466.png","contentUrl":"https:\/\/economia-sustentavel.com\/wp-content\/uploads\/2021\/07\/Matriz-AESS-copia-1024x466.png"},{"@type":"BreadcrumbList","@id":"https:\/\/economia-sustentavel.com\/matrizaess\/#breadcrumb","itemListElement":[{"@type":"ListItem","position":1,"name":"Home","item":"https:\/\/economia-sustentavel.com\/"},{"@type":"ListItem","position":2,"name":"Matriz AESS"}]},{"@type":"WebSite","@id":"https:\/\/economia-sustentavel.com\/#website","url":"https:\/\/economia-sustentavel.com\/","name":"AESS economia sustentavel","description":"Just another WordPress site","potentialAction":[{"@type":"SearchAction","target":{"@type":"EntryPoint","urlTemplate":"https:\/\/economia-sustentavel.com\/?s={search_term_string}"},"query-input":{"@type":"PropertyValueSpecification","valueRequired":true,"valueName":"search_term_string"}}],"inLanguage":"en-GB"}]}},"_links":{"self":[{"href":"https:\/\/economia-sustentavel.com\/en\/wp-json\/wp\/v2\/pages\/6987","targetHints":{"allow":["GET"]}}],"collection":[{"href":"https:\/\/economia-sustentavel.com\/en\/wp-json\/wp\/v2\/pages"}],"about":[{"href":"https:\/\/economia-sustentavel.com\/en\/wp-json\/wp\/v2\/types\/page"}],"author":[{"embeddable":true,"href":"https:\/\/economia-sustentavel.com\/en\/wp-json\/wp\/v2\/users\/1"}],"replies":[{"embeddable":true,"href":"https:\/\/economia-sustentavel.com\/en\/wp-json\/wp\/v2\/comments?post=6987"}],"version-history":[{"count":55,"href":"https:\/\/economia-sustentavel.com\/en\/wp-json\/wp\/v2\/pages\/6987\/revisions"}],"predecessor-version":[{"id":7935,"href":"https:\/\/economia-sustentavel.com\/en\/wp-json\/wp\/v2\/pages\/6987\/revisions\/7935"}],"wp:attachment":[{"href":"https:\/\/economia-sustentavel.com\/en\/wp-json\/wp\/v2\/media?parent=6987"}],"curies":[{"name":"wp","href":"https:\/\/api.w.org\/{rel}","templated":true}]}}