{"id":6347,"date":"2020-11-19T16:52:56","date_gmt":"2020-11-19T16:52:56","guid":{"rendered":"https:\/\/economia-sustentavel.com\/?page_id=6347"},"modified":"2025-10-04T00:19:07","modified_gmt":"2025-10-04T00:19:07","slug":"aess","status":"publish","type":"page","link":"https:\/\/economia-sustentavel.com\/en\/aess\/","title":{"rendered":"Quem somos?"},"content":{"rendered":"<div data-elementor-type=\"wp-page\" data-elementor-id=\"6347\" class=\"elementor elementor-6347\">\n\t\t\t\t\t\t<section class=\"elementor-section elementor-top-section elementor-element elementor-element-fd1e51b elementor-section-full_width elementor-section-height-default elementor-section-height-default\" data-id=\"fd1e51b\" data-element_type=\"section\" data-e-type=\"section\">\n\t\t\t\t\t\t<div class=\"elementor-container elementor-column-gap-no\">\n\t\t\t\t\t<div class=\"elementor-column elementor-col-100 elementor-top-column elementor-element elementor-element-963c500\" data-id=\"963c500\" data-element_type=\"column\" data-e-type=\"column\">\n\t\t\t<div class=\"elementor-widget-wrap elementor-element-populated\">\n\t\t\t\t\t\t<div class=\"elementor-element elementor-element-8175acb elementor-widget elementor-widget-prime-slider-pagepiling\" data-id=\"8175acb\" data-element_type=\"widget\" data-e-type=\"widget\" data-widget_type=\"prime-slider-pagepiling.default\">\n\t\t\t\t<div class=\"elementor-widget-container\">\n\t\t\t\t\t\t\t<div class=\"bdt-pagepiling-slider\" data-settings=\"{&quot;scrollingSpeed&quot;:700,&quot;autoplay&quot;:false,&quot;autoplay_duration&quot;:1000,&quot;loopBottom&quot;:false,&quot;loopTop&quot;:false}\" id=\"bdt-8175acb\">\n\n\t\t\t\t\t\t\t\t    \n\t\t\t\t<div class=\"section elementor-repeater-item-07947c9\" id=\"section-07947c9\" style=\"background-image: url('https:\/\/economia-sustentavel.com\/wp-content\/uploads\/2025\/10\/marlis-trio-akbar-eMB60hNHFL8-unsplash-scaled.jpg');\">\n\n\t\t\t\t\t\t\t<div class=\"bdt-prime-slider-content\">\n\t\t\t<div data-bdt-slideshow-parallax=\"y: 150,0,-100; opacity: 1,1,0\">\n\t\t\t\t\t\t\t<\/div>\n\n\t\t\t\n\t\t\t\t\t\t\t<div class=\"bdt-main-title\">\n\t\t\t\t\t<h1 class=\"bdt-title-tag\"  data-bdt-slideshow-parallax=\"y: 50,0,-50; opacity: 1,1,0\">\n\t\t\t\t\t\t\t\t\t\t\t\t\t<span class=\"frist-word\">Who<\/span> are we?\t\t\t\t\t\t\t\t\t\t\t\t<\/h1>\n\t\t\t\t<\/div>\n\t\t\t\n\t\t\t\t\t\t\t<div class=\"bdt-slider-excerpt\" data-bdt-slideshow-parallax=\"y: 100,0,-80; opacity: 1,1,0\">\n\t\t\t\t\t<p>AESS \u2013 Association for the Development of a Solidarity-based and Sustainable Economy is a non-governmental organisation that works to provide the entire population, regardless of status, age or gender, with useful information and tools that enable them to promote conscious consumption, develop healthy financial habits and create more informed citizens to face the financial challenges of everyday life, allowing them to achieve an economically balanced and sustainable life.<\/p>\t\t\t\t<\/div>\n\t\t\t\n\t\t\t<div data-bdt-slideshow-parallax=\"y: 150,0,-100; opacity: 1,1,0\">\n\t\t\t\t\n\t\t\t\t\t<\/div>\n\t\t<\/div>\n\n        \n\t\t\t\t\t<div class=\"bdt-ps-overlay\"><\/div>\n\t\t\t\t<\/div>\n\n\t\t\t\n\t\t\t\n\t\t<\/div>\n\t\t\t\t\t\t<\/div>\n\t\t\t\t<\/div>\n\t\t\t\t\t<\/div>\n\t\t<\/div>\n\t\t\t\t\t<\/div>\n\t\t<\/section>\n\t\t\t\t<section class=\"elementor-section elementor-top-section elementor-element elementor-element-60935ff elementor-section-content-middle elementor-section-boxed elementor-section-height-default elementor-section-height-default\" data-id=\"60935ff\" data-element_type=\"section\" data-e-type=\"section\">\n\t\t\t\t\t\t<div class=\"elementor-container elementor-column-gap-wide\">\n\t\t\t\t\t<div class=\"elementor-column elementor-col-33 elementor-top-column elementor-element elementor-element-43e91b5\" data-id=\"43e91b5\" data-element_type=\"column\" data-e-type=\"column\">\n\t\t\t<div class=\"elementor-widget-wrap elementor-element-populated\">\n\t\t\t\t\t\t<div class=\"elementor-element elementor-element-e9bfaf1 elementor-widget elementor-widget-image\" data-id=\"e9bfaf1\" data-element_type=\"widget\" data-e-type=\"widget\" data-widget_type=\"image.default\">\n\t\t\t\t<div class=\"elementor-widget-container\">\n\t\t\t\t\t\t\t\t\t\t\t\t\t\t\t<img fetchpriority=\"high\" decoding=\"async\" width=\"2560\" height=\"1707\" src=\"https:\/\/economia-sustentavel.com\/wp-content\/uploads\/2016\/02\/bethany-legg-75nbwHfDsnY-unsplash-scaled.jpg\" class=\"attachment-full size-full wp-image-6627\" alt=\"\" srcset=\"https:\/\/economia-sustentavel.com\/wp-content\/uploads\/2016\/02\/bethany-legg-75nbwHfDsnY-unsplash-scaled.jpg 2560w, https:\/\/economia-sustentavel.com\/wp-content\/uploads\/2016\/02\/bethany-legg-75nbwHfDsnY-unsplash-300x200.jpg 300w, https:\/\/economia-sustentavel.com\/wp-content\/uploads\/2016\/02\/bethany-legg-75nbwHfDsnY-unsplash-1024x683.jpg 1024w, https:\/\/economia-sustentavel.com\/wp-content\/uploads\/2016\/02\/bethany-legg-75nbwHfDsnY-unsplash-768x512.jpg 768w, https:\/\/economia-sustentavel.com\/wp-content\/uploads\/2016\/02\/bethany-legg-75nbwHfDsnY-unsplash-1536x1024.jpg 1536w, https:\/\/economia-sustentavel.com\/wp-content\/uploads\/2016\/02\/bethany-legg-75nbwHfDsnY-unsplash-2048x1365.jpg 2048w, https:\/\/economia-sustentavel.com\/wp-content\/uploads\/2016\/02\/bethany-legg-75nbwHfDsnY-unsplash-scaled-600x400.jpg 600w\" sizes=\"(max-width: 2560px) 100vw, 2560px\" \/>\t\t\t\t\t\t\t\t\t\t\t\t\t\t\t<\/div>\n\t\t\t\t<\/div>\n\t\t\t\t<div class=\"elementor-element elementor-element-482b7fae elementor-widget elementor-widget-heading\" data-id=\"482b7fae\" data-element_type=\"widget\" data-e-type=\"widget\" data-widget_type=\"heading.default\">\n\t\t\t\t<div class=\"elementor-widget-container\">\n\t\t\t\t\t<h3 class=\"elementor-heading-title elementor-size-large\">Mission <\/h3>\t\t\t\t<\/div>\n\t\t\t\t<\/div>\n\t\t\t\t<div class=\"elementor-element elementor-element-d192d04 elementor-widget-divider--view-line elementor-widget elementor-widget-divider\" data-id=\"d192d04\" data-element_type=\"widget\" data-e-type=\"widget\" data-widget_type=\"divider.default\">\n\t\t\t\t<div class=\"elementor-widget-container\">\n\t\t\t\t\t\t\t<div class=\"elementor-divider\">\n\t\t\t<span class=\"elementor-divider-separator\">\n\t\t\t\t\t\t<\/span>\n\t\t<\/div>\n\t\t\t\t\t\t<\/div>\n\t\t\t\t<\/div>\n\t\t\t\t<div class=\"elementor-element elementor-element-3a02e07 elementor-widget elementor-widget-text-editor\" data-id=\"3a02e07\" data-element_type=\"widget\" data-e-type=\"widget\" data-widget_type=\"text-editor.default\">\n\t\t\t\t<div class=\"elementor-widget-container\">\n\t\t\t\t\t\t\t\t\t<p>We promote and develop programmes and projects aimed at the entire population, with the aim of educating, training and raising awareness in areas such as financial education, entrepreneurship and active job seeking.<\/p>\t\t\t\t\t\t\t\t<\/div>\n\t\t\t\t<\/div>\n\t\t\t\t\t<\/div>\n\t\t<\/div>\n\t\t\t\t<div class=\"elementor-column elementor-col-33 elementor-top-column elementor-element elementor-element-ff53897\" data-id=\"ff53897\" data-element_type=\"column\" data-e-type=\"column\">\n\t\t\t<div class=\"elementor-widget-wrap elementor-element-populated\">\n\t\t\t\t\t\t<div class=\"elementor-element elementor-element-eb8a4e6 elementor-widget elementor-widget-image\" data-id=\"eb8a4e6\" data-element_type=\"widget\" data-e-type=\"widget\" data-widget_type=\"image.default\">\n\t\t\t\t<div class=\"elementor-widget-container\">\n\t\t\t\t\t\t\t\t\t\t\t\t\t\t\t<img decoding=\"async\" width=\"2560\" height=\"1843\" src=\"https:\/\/economia-sustentavel.com\/wp-content\/uploads\/2020\/11\/michael-longmire-lhltMGdohc8-unsplash-scaled.jpg\" class=\"attachment-full size-full wp-image-6500\" alt=\"\" srcset=\"https:\/\/economia-sustentavel.com\/wp-content\/uploads\/2020\/11\/michael-longmire-lhltMGdohc8-unsplash-scaled.jpg 2560w, https:\/\/economia-sustentavel.com\/wp-content\/uploads\/2020\/11\/michael-longmire-lhltMGdohc8-unsplash-300x216.jpg 300w, https:\/\/economia-sustentavel.com\/wp-content\/uploads\/2020\/11\/michael-longmire-lhltMGdohc8-unsplash-1024x737.jpg 1024w, https:\/\/economia-sustentavel.com\/wp-content\/uploads\/2020\/11\/michael-longmire-lhltMGdohc8-unsplash-768x553.jpg 768w, https:\/\/economia-sustentavel.com\/wp-content\/uploads\/2020\/11\/michael-longmire-lhltMGdohc8-unsplash-1536x1106.jpg 1536w, https:\/\/economia-sustentavel.com\/wp-content\/uploads\/2020\/11\/michael-longmire-lhltMGdohc8-unsplash-2048x1475.jpg 2048w, https:\/\/economia-sustentavel.com\/wp-content\/uploads\/2020\/11\/michael-longmire-lhltMGdohc8-unsplash-scaled-600x432.jpg 600w\" sizes=\"(max-width: 2560px) 100vw, 2560px\" \/>\t\t\t\t\t\t\t\t\t\t\t\t\t\t\t<\/div>\n\t\t\t\t<\/div>\n\t\t\t\t<div class=\"elementor-element elementor-element-b8575f5 elementor-widget elementor-widget-heading\" data-id=\"b8575f5\" data-element_type=\"widget\" data-e-type=\"widget\" data-widget_type=\"heading.default\">\n\t\t\t\t<div class=\"elementor-widget-container\">\n\t\t\t\t\t<h3 class=\"elementor-heading-title elementor-size-large\">Vision<\/h3>\t\t\t\t<\/div>\n\t\t\t\t<\/div>\n\t\t\t\t<div class=\"elementor-element elementor-element-62b81a6 elementor-widget-divider--view-line elementor-widget elementor-widget-divider\" data-id=\"62b81a6\" data-element_type=\"widget\" data-e-type=\"widget\" data-widget_type=\"divider.default\">\n\t\t\t\t<div class=\"elementor-widget-container\">\n\t\t\t\t\t\t\t<div class=\"elementor-divider\">\n\t\t\t<span class=\"elementor-divider-separator\">\n\t\t\t\t\t\t<\/span>\n\t\t<\/div>\n\t\t\t\t\t\t<\/div>\n\t\t\t\t<\/div>\n\t\t\t\t<div class=\"elementor-element elementor-element-8d790ea elementor-widget elementor-widget-text-editor\" data-id=\"8d790ea\" data-element_type=\"widget\" data-e-type=\"widget\" data-widget_type=\"text-editor.default\">\n\t\t\t\t<div class=\"elementor-widget-container\">\n\t\t\t\t\t\t\t\t\t<p>We believe that through Financial Education programmes and projects, it is possible to empower individuals to integrate into society and an increasingly competitive job market, and above all, to value who we are, where we are and where we want to go.<\/p>\t\t\t\t\t\t\t\t<\/div>\n\t\t\t\t<\/div>\n\t\t\t\t\t<\/div>\n\t\t<\/div>\n\t\t\t\t<div class=\"elementor-column elementor-col-33 elementor-top-column elementor-element elementor-element-93870ab\" data-id=\"93870ab\" data-element_type=\"column\" data-e-type=\"column\">\n\t\t\t<div class=\"elementor-widget-wrap elementor-element-populated\">\n\t\t\t\t\t\t<div class=\"elementor-element elementor-element-1204494 elementor-widget elementor-widget-image\" data-id=\"1204494\" data-element_type=\"widget\" data-e-type=\"widget\" data-widget_type=\"image.default\">\n\t\t\t\t<div class=\"elementor-widget-container\">\n\t\t\t\t\t\t\t\t\t\t\t\t\t\t\t<img decoding=\"async\" width=\"800\" height=\"534\" src=\"https:\/\/economia-sustentavel.com\/wp-content\/uploads\/2020\/11\/jud-mackrill-Of_m3hMsoAA-unsplash-1024x683.jpg\" class=\"attachment-large size-large wp-image-6019\" alt=\"\" srcset=\"https:\/\/economia-sustentavel.com\/wp-content\/uploads\/2020\/11\/jud-mackrill-Of_m3hMsoAA-unsplash-1024x683.jpg 1024w, https:\/\/economia-sustentavel.com\/wp-content\/uploads\/2020\/11\/jud-mackrill-Of_m3hMsoAA-unsplash-300x200.jpg 300w, https:\/\/economia-sustentavel.com\/wp-content\/uploads\/2020\/11\/jud-mackrill-Of_m3hMsoAA-unsplash-768x512.jpg 768w, https:\/\/economia-sustentavel.com\/wp-content\/uploads\/2020\/11\/jud-mackrill-Of_m3hMsoAA-unsplash-1536x1024.jpg 1536w, https:\/\/economia-sustentavel.com\/wp-content\/uploads\/2020\/11\/jud-mackrill-Of_m3hMsoAA-unsplash-2048x1365.jpg 2048w, https:\/\/economia-sustentavel.com\/wp-content\/uploads\/2020\/11\/jud-mackrill-Of_m3hMsoAA-unsplash-600x400.jpg 600w\" sizes=\"(max-width: 800px) 100vw, 800px\" \/>\t\t\t\t\t\t\t\t\t\t\t\t\t\t\t<\/div>\n\t\t\t\t<\/div>\n\t\t\t\t<div class=\"elementor-element elementor-element-d06d1b8 elementor-widget elementor-widget-heading\" data-id=\"d06d1b8\" data-element_type=\"widget\" data-e-type=\"widget\" data-widget_type=\"heading.default\">\n\t\t\t\t<div class=\"elementor-widget-container\">\n\t\t\t\t\t<h3 class=\"elementor-heading-title elementor-size-large\">Values<\/h3>\t\t\t\t<\/div>\n\t\t\t\t<\/div>\n\t\t\t\t<div class=\"elementor-element elementor-element-33796ac elementor-widget-divider--view-line elementor-widget elementor-widget-divider\" data-id=\"33796ac\" data-element_type=\"widget\" data-e-type=\"widget\" data-widget_type=\"divider.default\">\n\t\t\t\t<div class=\"elementor-widget-container\">\n\t\t\t\t\t\t\t<div class=\"elementor-divider\">\n\t\t\t<span class=\"elementor-divider-separator\">\n\t\t\t\t\t\t<\/span>\n\t\t<\/div>\n\t\t\t\t\t\t<\/div>\n\t\t\t\t<\/div>\n\t\t\t\t<div class=\"elementor-element elementor-element-02b69dc elementor-widget elementor-widget-text-editor\" data-id=\"02b69dc\" data-element_type=\"widget\" data-e-type=\"widget\" data-widget_type=\"text-editor.default\">\n\t\t\t\t<div class=\"elementor-widget-container\">\n\t\t\t\t\t\t\t\t\t<p>We carry out our personal and professional activities based on the values of Professionalism, Human Capital, Education, Solidarity, Gender Equality and Equal Opportunities, Multiculturalism and Plurality, Innovation and Trust.<\/p>\t\t\t\t\t\t\t\t<\/div>\n\t\t\t\t<\/div>\n\t\t\t\t\t<\/div>\n\t\t<\/div>\n\t\t\t\t\t<\/div>\n\t\t<\/section>\n\t\t\t\t<section class=\"elementor-section elementor-top-section elementor-element elementor-element-fee6b7e elementor-section-height-min-height elementor-section-boxed elementor-section-height-default elementor-section-items-middle\" data-id=\"fee6b7e\" data-element_type=\"section\" data-e-type=\"section\" data-settings=\"{&quot;background_background&quot;:&quot;classic&quot;}\">\n\t\t\t\t\t\t\t<div class=\"elementor-background-overlay\"><\/div>\n\t\t\t\t\t\t\t<div class=\"elementor-container elementor-column-gap-default\">\n\t\t\t\t\t<div class=\"elementor-column elementor-col-100 elementor-top-column elementor-element elementor-element-54b5c7a\" data-id=\"54b5c7a\" data-element_type=\"column\" data-e-type=\"column\">\n\t\t\t<div class=\"elementor-widget-wrap elementor-element-populated\">\n\t\t\t\t\t\t<div class=\"elementor-element elementor-element-f174e4b elementor-widget elementor-widget-elementskit-heading\" data-id=\"f174e4b\" data-element_type=\"widget\" data-e-type=\"widget\" data-widget_type=\"elementskit-heading.default\">\n\t\t\t\t<div class=\"elementor-widget-container\">\n\t\t\t\t\t<div class=\"ekit-wid-con\" ><div class=\"ekit-heading elementskit-section-title-wraper text_left   ekit_heading_tablet-   ekit_heading_mobile-\"><h2 class=\"ekit-heading--title elementskit-section-title\">we transform your ideas<\/h2><div class=\"ekit_heading_separetor_wraper ekit_heading_elementskit-border-divider ekit-dotted\"><div class=\"elementskit-border-divider ekit-dotted\"><\/div><\/div><h3 class=\"ekit-heading--subtitle elementskit-section-subtitle\">\n\t\t\t\t\t\tThe opportunity to start your own business.\n\t\t\t\t\t<\/h3><\/div><\/div>\t\t\t\t<\/div>\n\t\t\t\t<\/div>\n\t\t\t\t<div class=\"elementor-element elementor-element-26510af elementor-align-left elementor-widget elementor-widget-elementskit-button\" data-id=\"26510af\" data-element_type=\"widget\" data-e-type=\"widget\" data-widget_type=\"elementskit-button.default\">\n\t\t\t\t<div class=\"elementor-widget-container\">\n\t\t\t\t\t<div class=\"ekit-wid-con\" >\t\t<div class=\"ekit-btn-wraper\">\n\t\t\t\t\t\t\t<a href=\"https:\/\/economia-sustentavel.com\/en\/contactos\/\" class=\"elementskit-btn  whitespace--normal\" id=\"\">\n\t\t\t\t\tContact us\t\t\t\t<\/a>\n\t\t\t\t\t<\/div>\n        <\/div>\t\t\t\t<\/div>\n\t\t\t\t<\/div>\n\t\t\t\t\t<\/div>\n\t\t<\/div>\n\t\t\t\t\t<\/div>\n\t\t<\/section>\n\t\t\t\t<\/div>","protected":false},"excerpt":{"rendered":"<p>Quem somos? A AESS \u2013 Associa\u00e7\u00e3o para o Desenvolvimento de uma Economia Solid\u00e1ria e Sustent\u00e1vel \u00e9 uma Organiza\u00e7\u00e3o n\u00e3o governamental que atua no sentido de disponibilizar a toda a popula\u00e7\u00e3o, independentemente do estatuto, idade ou g\u00e9nero, informa\u00e7\u00f5es e ferramentas \u00fateis que possibilitem promover o consumo consciente, desenvolver h\u00e1bitos financeiros saud\u00e1veis e criar cidad\u00e3os mais informados [&hellip;]<\/p>\n","protected":false},"author":1,"featured_media":0,"parent":0,"menu_order":0,"comment_status":"closed","ping_status":"closed","template":"elementor_header_footer","meta":{"footnotes":""},"class_list":["post-6347","page","type-page","status-publish","hentry"],"yoast_head":"<!-- This site is optimized with the Yoast SEO plugin v27.2 - https:\/\/yoast.com\/product\/yoast-seo-wordpress\/ -->\n<title>Quem somos? - AESS economia sustentavel<\/title>\n<meta name=\"robots\" content=\"index, follow, max-snippet:-1, max-image-preview:large, max-video-preview:-1\" \/>\n<link rel=\"canonical\" href=\"https:\/\/economia-sustentavel.com\/en\/aess\/\" \/>\n<meta property=\"og:locale\" content=\"en_GB\" \/>\n<meta property=\"og:type\" content=\"article\" \/>\n<meta property=\"og:title\" content=\"Quem somos? - AESS economia sustentavel\" \/>\n<meta property=\"og:description\" content=\"Quem somos? A AESS \u2013 Associa\u00e7\u00e3o para o Desenvolvimento de uma Economia Solid\u00e1ria e Sustent\u00e1vel \u00e9 uma Organiza\u00e7\u00e3o n\u00e3o governamental que atua no sentido de disponibilizar a toda a popula\u00e7\u00e3o, independentemente do estatuto, idade ou g\u00e9nero, informa\u00e7\u00f5es e ferramentas \u00fateis que possibilitem promover o consumo consciente, desenvolver h\u00e1bitos financeiros saud\u00e1veis e criar cidad\u00e3os mais informados [&hellip;]\" \/>\n<meta property=\"og:url\" content=\"https:\/\/economia-sustentavel.com\/en\/aess\/\" \/>\n<meta property=\"og:site_name\" content=\"AESS economia sustentavel\" \/>\n<meta property=\"article:modified_time\" content=\"2025-10-04T00:19:07+00:00\" \/>\n<meta property=\"og:image\" content=\"https:\/\/economia-sustentavel.com\/wp-content\/uploads\/2016\/02\/bethany-legg-75nbwHfDsnY-unsplash-scaled.jpg\" \/>\n\t<meta property=\"og:image:width\" content=\"2560\" \/>\n\t<meta property=\"og:image:height\" content=\"1707\" \/>\n\t<meta property=\"og:image:type\" content=\"image\/jpeg\" \/>\n<meta name=\"twitter:card\" content=\"summary_large_image\" \/>\n<meta name=\"twitter:label1\" content=\"Estimated reading time\" \/>\n\t<meta name=\"twitter:data1\" content=\"2 minutes\" \/>\n<script type=\"application\/ld+json\" class=\"yoast-schema-graph\">{\"@context\":\"https:\/\/schema.org\",\"@graph\":[{\"@type\":\"WebPage\",\"@id\":\"https:\/\/economia-sustentavel.com\/aess\/\",\"url\":\"https:\/\/economia-sustentavel.com\/aess\/\",\"name\":\"Quem somos? - AESS economia sustentavel\",\"isPartOf\":{\"@id\":\"https:\/\/economia-sustentavel.com\/#website\"},\"primaryImageOfPage\":{\"@id\":\"https:\/\/economia-sustentavel.com\/aess\/#primaryimage\"},\"image\":{\"@id\":\"https:\/\/economia-sustentavel.com\/aess\/#primaryimage\"},\"thumbnailUrl\":\"https:\/\/economia-sustentavel.com\/wp-content\/uploads\/2016\/02\/bethany-legg-75nbwHfDsnY-unsplash-scaled.jpg\",\"datePublished\":\"2020-11-19T16:52:56+00:00\",\"dateModified\":\"2025-10-04T00:19:07+00:00\",\"breadcrumb\":{\"@id\":\"https:\/\/economia-sustentavel.com\/aess\/#breadcrumb\"},\"inLanguage\":\"en-GB\",\"potentialAction\":[{\"@type\":\"ReadAction\",\"target\":[\"https:\/\/economia-sustentavel.com\/aess\/\"]}]},{\"@type\":\"ImageObject\",\"inLanguage\":\"en-GB\",\"@id\":\"https:\/\/economia-sustentavel.com\/aess\/#primaryimage\",\"url\":\"https:\/\/economia-sustentavel.com\/wp-content\/uploads\/2016\/02\/bethany-legg-75nbwHfDsnY-unsplash-scaled.jpg\",\"contentUrl\":\"https:\/\/economia-sustentavel.com\/wp-content\/uploads\/2016\/02\/bethany-legg-75nbwHfDsnY-unsplash-scaled.jpg\"},{\"@type\":\"BreadcrumbList\",\"@id\":\"https:\/\/economia-sustentavel.com\/aess\/#breadcrumb\",\"itemListElement\":[{\"@type\":\"ListItem\",\"position\":1,\"name\":\"Home\",\"item\":\"https:\/\/economia-sustentavel.com\/\"},{\"@type\":\"ListItem\",\"position\":2,\"name\":\"Quem somos?\"}]},{\"@type\":\"WebSite\",\"@id\":\"https:\/\/economia-sustentavel.com\/#website\",\"url\":\"https:\/\/economia-sustentavel.com\/\",\"name\":\"AESS economia sustentavel\",\"description\":\"Just another WordPress site\",\"potentialAction\":[{\"@type\":\"SearchAction\",\"target\":{\"@type\":\"EntryPoint\",\"urlTemplate\":\"https:\/\/economia-sustentavel.com\/?s={search_term_string}\"},\"query-input\":{\"@type\":\"PropertyValueSpecification\",\"valueRequired\":true,\"valueName\":\"search_term_string\"}}],\"inLanguage\":\"en-GB\"}]}<\/script>\n<!-- \/ Yoast SEO plugin. -->","yoast_head_json":{"title":"Quem somos? - AESS economia sustentavel","robots":{"index":"index","follow":"follow","max-snippet":"max-snippet:-1","max-image-preview":"max-image-preview:large","max-video-preview":"max-video-preview:-1"},"canonical":"https:\/\/economia-sustentavel.com\/en\/aess\/","og_locale":"en_GB","og_type":"article","og_title":"Quem somos? - AESS economia sustentavel","og_description":"Quem somos? A AESS \u2013 Associa\u00e7\u00e3o para o Desenvolvimento de uma Economia Solid\u00e1ria e Sustent\u00e1vel \u00e9 uma Organiza\u00e7\u00e3o n\u00e3o governamental que atua no sentido de disponibilizar a toda a popula\u00e7\u00e3o, independentemente do estatuto, idade ou g\u00e9nero, informa\u00e7\u00f5es e ferramentas \u00fateis que possibilitem promover o consumo consciente, desenvolver h\u00e1bitos financeiros saud\u00e1veis e criar cidad\u00e3os mais informados [&hellip;]","og_url":"https:\/\/economia-sustentavel.com\/en\/aess\/","og_site_name":"AESS economia sustentavel","article_modified_time":"2025-10-04T00:19:07+00:00","og_image":[{"width":2560,"height":1707,"url":"https:\/\/economia-sustentavel.com\/wp-content\/uploads\/2016\/02\/bethany-legg-75nbwHfDsnY-unsplash-scaled.jpg","type":"image\/jpeg"}],"twitter_card":"summary_large_image","twitter_misc":{"Estimated reading time":"2 minutes"},"schema":{"@context":"https:\/\/schema.org","@graph":[{"@type":"WebPage","@id":"https:\/\/economia-sustentavel.com\/aess\/","url":"https:\/\/economia-sustentavel.com\/aess\/","name":"Quem somos? - AESS economia sustentavel","isPartOf":{"@id":"https:\/\/economia-sustentavel.com\/#website"},"primaryImageOfPage":{"@id":"https:\/\/economia-sustentavel.com\/aess\/#primaryimage"},"image":{"@id":"https:\/\/economia-sustentavel.com\/aess\/#primaryimage"},"thumbnailUrl":"https:\/\/economia-sustentavel.com\/wp-content\/uploads\/2016\/02\/bethany-legg-75nbwHfDsnY-unsplash-scaled.jpg","datePublished":"2020-11-19T16:52:56+00:00","dateModified":"2025-10-04T00:19:07+00:00","breadcrumb":{"@id":"https:\/\/economia-sustentavel.com\/aess\/#breadcrumb"},"inLanguage":"en-GB","potentialAction":[{"@type":"ReadAction","target":["https:\/\/economia-sustentavel.com\/aess\/"]}]},{"@type":"ImageObject","inLanguage":"en-GB","@id":"https:\/\/economia-sustentavel.com\/aess\/#primaryimage","url":"https:\/\/economia-sustentavel.com\/wp-content\/uploads\/2016\/02\/bethany-legg-75nbwHfDsnY-unsplash-scaled.jpg","contentUrl":"https:\/\/economia-sustentavel.com\/wp-content\/uploads\/2016\/02\/bethany-legg-75nbwHfDsnY-unsplash-scaled.jpg"},{"@type":"BreadcrumbList","@id":"https:\/\/economia-sustentavel.com\/aess\/#breadcrumb","itemListElement":[{"@type":"ListItem","position":1,"name":"Home","item":"https:\/\/economia-sustentavel.com\/"},{"@type":"ListItem","position":2,"name":"Quem somos?"}]},{"@type":"WebSite","@id":"https:\/\/economia-sustentavel.com\/#website","url":"https:\/\/economia-sustentavel.com\/","name":"AESS economia sustentavel","description":"Just another WordPress site","potentialAction":[{"@type":"SearchAction","target":{"@type":"EntryPoint","urlTemplate":"https:\/\/economia-sustentavel.com\/?s={search_term_string}"},"query-input":{"@type":"PropertyValueSpecification","valueRequired":true,"valueName":"search_term_string"}}],"inLanguage":"en-GB"}]}},"_links":{"self":[{"href":"https:\/\/economia-sustentavel.com\/en\/wp-json\/wp\/v2\/pages\/6347","targetHints":{"allow":["GET"]}}],"collection":[{"href":"https:\/\/economia-sustentavel.com\/en\/wp-json\/wp\/v2\/pages"}],"about":[{"href":"https:\/\/economia-sustentavel.com\/en\/wp-json\/wp\/v2\/types\/page"}],"author":[{"embeddable":true,"href":"https:\/\/economia-sustentavel.com\/en\/wp-json\/wp\/v2\/users\/1"}],"replies":[{"embeddable":true,"href":"https:\/\/economia-sustentavel.com\/en\/wp-json\/wp\/v2\/comments?post=6347"}],"version-history":[{"count":45,"href":"https:\/\/economia-sustentavel.com\/en\/wp-json\/wp\/v2\/pages\/6347\/revisions"}],"predecessor-version":[{"id":7746,"href":"https:\/\/economia-sustentavel.com\/en\/wp-json\/wp\/v2\/pages\/6347\/revisions\/7746"}],"wp:attachment":[{"href":"https:\/\/economia-sustentavel.com\/en\/wp-json\/wp\/v2\/media?parent=6347"}],"curies":[{"name":"wp","href":"https:\/\/api.w.org\/{rel}","templated":true}]}}