{"id":6248,"date":"2020-11-19T10:27:05","date_gmt":"2020-11-19T10:27:05","guid":{"rendered":"https:\/\/economia-sustentavel.com\/?page_id=6248"},"modified":"2025-10-04T07:33:01","modified_gmt":"2025-10-04T07:33:01","slug":"gip","status":"publish","type":"page","link":"https:\/\/economia-sustentavel.com\/en\/gip\/","title":{"rendered":"GIP"},"content":{"rendered":"<div data-elementor-type=\"wp-page\" data-elementor-id=\"6248\" class=\"elementor elementor-6248\">\n\t\t\t\t\t\t<section class=\"elementor-section elementor-top-section elementor-element elementor-element-5d6a9656 elementor-section-content-middle elementor-reverse-mobile elementor-section-boxed elementor-section-height-default elementor-section-height-default\" data-id=\"5d6a9656\" data-element_type=\"section\" data-e-type=\"section\" data-settings=\"{&quot;background_background&quot;:&quot;classic&quot;}\">\n\t\t\t\t\t\t<div class=\"elementor-container elementor-column-gap-no\">\n\t\t\t\t\t<div class=\"elementor-column elementor-col-50 elementor-top-column elementor-element elementor-element-72772748\" data-id=\"72772748\" data-element_type=\"column\" data-e-type=\"column\">\n\t\t\t<div class=\"elementor-widget-wrap elementor-element-populated\">\n\t\t\t\t\t\t<div class=\"elementor-element elementor-element-0527069 elementor-widget elementor-widget-image\" data-id=\"0527069\" data-element_type=\"widget\" data-e-type=\"widget\" data-widget_type=\"image.default\">\n\t\t\t\t<div class=\"elementor-widget-container\">\n\t\t\t\t\t\t\t\t\t\t\t\t\t\t\t<img fetchpriority=\"high\" decoding=\"async\" width=\"495\" height=\"319\" src=\"https:\/\/economia-sustentavel.com\/wp-content\/uploads\/2020\/11\/GIP_0.jpg\" class=\"attachment-large size-large wp-image-6509\" alt=\"\" srcset=\"https:\/\/economia-sustentavel.com\/wp-content\/uploads\/2020\/11\/GIP_0.jpg 495w, https:\/\/economia-sustentavel.com\/wp-content\/uploads\/2020\/11\/GIP_0-300x193.jpg 300w\" sizes=\"(max-width: 495px) 100vw, 495px\" \/>\t\t\t\t\t\t\t\t\t\t\t\t\t\t\t<\/div>\n\t\t\t\t<\/div>\n\t\t\t\t\t<\/div>\n\t\t<\/div>\n\t\t\t\t<div class=\"elementor-column elementor-col-50 elementor-top-column elementor-element elementor-element-92874af\" data-id=\"92874af\" data-element_type=\"column\" data-e-type=\"column\">\n\t\t\t<div class=\"elementor-widget-wrap elementor-element-populated\">\n\t\t\t\t\t\t<div class=\"elementor-element elementor-element-1d1de537 elementor-widget elementor-widget-heading\" data-id=\"1d1de537\" data-element_type=\"widget\" data-e-type=\"widget\" data-widget_type=\"heading.default\">\n\t\t\t\t<div class=\"elementor-widget-container\">\n\t\t\t\t\t<h2 class=\"elementor-heading-title elementor-size-default\">Professional Integration Office<\/h2>\t\t\t\t<\/div>\n\t\t\t\t<\/div>\n\t\t\t\t<div class=\"elementor-element elementor-element-26f24390 elementor-widget elementor-widget-text-editor\" data-id=\"26f24390\" data-element_type=\"widget\" data-e-type=\"widget\" data-widget_type=\"text-editor.default\">\n\t\t\t\t<div class=\"elementor-widget-container\">\n\t\t\t\t\t\t\t\t\t<p>AESS has been operating as a Professional Integration Office in partnership with IEFP since <strong>1 de Agosto de 2015<\/strong>.<\/p><p>This contract is valid for one year and is renewable for equal periods up to three years.<\/p>\t\t\t\t\t\t\t\t<\/div>\n\t\t\t\t<\/div>\n\t\t\t\t\t<\/div>\n\t\t<\/div>\n\t\t\t\t\t<\/div>\n\t\t<\/section>\n\t\t\t\t<section class=\"elementor-section elementor-top-section elementor-element elementor-element-912110e elementor-section-boxed elementor-section-height-default elementor-section-height-default\" data-id=\"912110e\" data-element_type=\"section\" data-e-type=\"section\">\n\t\t\t\t\t\t<div class=\"elementor-container elementor-column-gap-default\">\n\t\t\t\t\t<div class=\"elementor-column elementor-col-100 elementor-top-column elementor-element elementor-element-9f62e8f\" data-id=\"9f62e8f\" data-element_type=\"column\" data-e-type=\"column\">\n\t\t\t<div class=\"elementor-widget-wrap elementor-element-populated\">\n\t\t\t\t\t\t<div class=\"elementor-element elementor-element-c9ece99 elementor-widget elementor-widget-heading\" data-id=\"c9ece99\" data-element_type=\"widget\" data-e-type=\"widget\" data-widget_type=\"heading.default\">\n\t\t\t\t<div class=\"elementor-widget-container\">\n\t\t\t\t\t<h2 class=\"elementor-heading-title elementor-size-default\">The following activities are carried out in partnership with the IEFP:<\/h2>\t\t\t\t<\/div>\n\t\t\t\t<\/div>\n\t\t\t\t\t<\/div>\n\t\t<\/div>\n\t\t\t\t\t<\/div>\n\t\t<\/section>\n\t\t\t\t<section class=\"elementor-section elementor-top-section elementor-element elementor-element-509ab5b elementor-section-boxed elementor-section-height-default elementor-section-height-default\" data-id=\"509ab5b\" data-element_type=\"section\" data-e-type=\"section\">\n\t\t\t\t\t\t<div class=\"elementor-container elementor-column-gap-wider\">\n\t\t\t\t\t<div class=\"elementor-column elementor-col-50 elementor-top-column elementor-element elementor-element-e563f87\" data-id=\"e563f87\" data-element_type=\"column\" data-e-type=\"column\">\n\t\t\t<div class=\"elementor-widget-wrap elementor-element-populated\">\n\t\t\t\t\t\t<div class=\"elementor-element elementor-element-b138327 elementor-widget elementor-widget-heading\" data-id=\"b138327\" data-element_type=\"widget\" data-e-type=\"widget\" data-widget_type=\"heading.default\">\n\t\t\t\t<div class=\"elementor-widget-container\">\n\t\t\t\t\t<h3 class=\"elementor-heading-title elementor-size-large\">Actions <\/h3>\t\t\t\t<\/div>\n\t\t\t\t<\/div>\n\t\t\t\t<div class=\"elementor-element elementor-element-74dfb31 elementor-widget-divider--view-line elementor-widget elementor-widget-divider\" data-id=\"74dfb31\" data-element_type=\"widget\" data-e-type=\"widget\" data-widget_type=\"divider.default\">\n\t\t\t\t<div class=\"elementor-widget-container\">\n\t\t\t\t\t\t\t<div class=\"elementor-divider\">\n\t\t\t<span class=\"elementor-divider-separator\">\n\t\t\t\t\t\t<\/span>\n\t\t<\/div>\n\t\t\t\t\t\t<\/div>\n\t\t\t\t<\/div>\n\t\t\t\t<div class=\"elementor-element elementor-element-e8548a6 elementor-align-start elementor-icon-list--layout-traditional elementor-list-item-link-full_width elementor-widget elementor-widget-icon-list\" data-id=\"e8548a6\" data-element_type=\"widget\" data-e-type=\"widget\" data-widget_type=\"icon-list.default\">\n\t\t\t\t<div class=\"elementor-widget-container\">\n\t\t\t\t\t\t\t<ul class=\"elementor-icon-list-items\">\n\t\t\t\t\t\t\t<li class=\"elementor-icon-list-item\">\n\t\t\t\t\t\t\t\t\t\t\t<span class=\"elementor-icon-list-icon\">\n\t\t\t\t\t\t\t<i aria-hidden=\"true\" class=\"fas fa-check\"><\/i>\t\t\t\t\t\t<\/span>\n\t\t\t\t\t\t\t\t\t\t<span class=\"elementor-icon-list-text\">Information campaigns on active employment and training measures<\/span>\n\t\t\t\t\t\t\t\t\t<\/li>\n\t\t\t\t\t\t\t\t<li class=\"elementor-icon-list-item\">\n\t\t\t\t\t\t\t\t\t\t\t<span class=\"elementor-icon-list-icon\">\n\t\t\t\t\t\t\t<i aria-hidden=\"true\" class=\"fas fa-check\"><\/i>\t\t\t\t\t\t<\/span>\n\t\t\t\t\t\t\t\t\t\t<span class=\"elementor-icon-list-text\">Actions to support job seeking<\/span>\n\t\t\t\t\t\t\t\t\t<\/li>\n\t\t\t\t\t\t\t\t<li class=\"elementor-icon-list-item\">\n\t\t\t\t\t\t\t\t\t\t\t<span class=\"elementor-icon-list-icon\">\n\t\t\t\t\t\t\t<i aria-hidden=\"true\" class=\"fas fa-check\"><\/i>\t\t\t\t\t\t<\/span>\n\t\t\t\t\t\t\t\t\t\t<span class=\"elementor-icon-list-text\">Referral to training or employment measures<\/span>\n\t\t\t\t\t\t\t\t\t<\/li>\n\t\t\t\t\t\t<\/ul>\n\t\t\t\t\t\t<\/div>\n\t\t\t\t<\/div>\n\t\t\t\t\t<\/div>\n\t\t<\/div>\n\t\t\t\t<div class=\"elementor-column elementor-col-50 elementor-top-column elementor-element elementor-element-886e4b8\" data-id=\"886e4b8\" data-element_type=\"column\" data-e-type=\"column\">\n\t\t\t<div class=\"elementor-widget-wrap elementor-element-populated\">\n\t\t\t\t\t\t<div class=\"elementor-element elementor-element-427e170 elementor-widget elementor-widget-heading\" data-id=\"427e170\" data-element_type=\"widget\" data-e-type=\"widget\" data-widget_type=\"heading.default\">\n\t\t\t\t<div class=\"elementor-widget-container\">\n\t\t\t\t\t<h3 class=\"elementor-heading-title elementor-size-large\">EMPLOYMENT<\/h3>\t\t\t\t<\/div>\n\t\t\t\t<\/div>\n\t\t\t\t<div class=\"elementor-element elementor-element-0c582f8 elementor-widget-divider--view-line elementor-widget elementor-widget-divider\" data-id=\"0c582f8\" data-element_type=\"widget\" data-e-type=\"widget\" data-widget_type=\"divider.default\">\n\t\t\t\t<div class=\"elementor-widget-container\">\n\t\t\t\t\t\t\t<div class=\"elementor-divider\">\n\t\t\t<span class=\"elementor-divider-separator\">\n\t\t\t\t\t\t<\/span>\n\t\t<\/div>\n\t\t\t\t\t\t<\/div>\n\t\t\t\t<\/div>\n\t\t\t\t<div class=\"elementor-element elementor-element-ffa3296 elementor-align-start elementor-icon-list--layout-traditional elementor-list-item-link-full_width elementor-widget elementor-widget-icon-list\" data-id=\"ffa3296\" data-element_type=\"widget\" data-e-type=\"widget\" data-widget_type=\"icon-list.default\">\n\t\t\t\t<div class=\"elementor-widget-container\">\n\t\t\t\t\t\t\t<ul class=\"elementor-icon-list-items\">\n\t\t\t\t\t\t\t<li class=\"elementor-icon-list-item\">\n\t\t\t\t\t\t\t\t\t\t\t<span class=\"elementor-icon-list-icon\">\n\t\t\t\t\t\t\t<i aria-hidden=\"true\" class=\"fas fa-check\"><\/i>\t\t\t\t\t\t<\/span>\n\t\t\t\t\t\t\t\t\t\t<span class=\"elementor-icon-list-text\">Receipt of job offers<\/span>\n\t\t\t\t\t\t\t\t\t<\/li>\n\t\t\t\t\t\t\t\t<li class=\"elementor-icon-list-item\">\n\t\t\t\t\t\t\t\t\t\t\t<span class=\"elementor-icon-list-icon\">\n\t\t\t\t\t\t\t<i aria-hidden=\"true\" class=\"fas fa-check\"><\/i>\t\t\t\t\t\t<\/span>\n\t\t\t\t\t\t\t\t\t\t<span class=\"elementor-icon-list-text\">Referral of unemployed persons to job vacancies<\/span>\n\t\t\t\t\t\t\t\t\t<\/li>\n\t\t\t\t\t\t\t\t<li class=\"elementor-icon-list-item\">\n\t\t\t\t\t\t\t\t\t\t\t<span class=\"elementor-icon-list-icon\">\n\t\t\t\t\t\t\t<i aria-hidden=\"true\" class=\"fas fa-check\"><\/i>\t\t\t\t\t\t<\/span>\n\t\t\t\t\t\t\t\t\t\t<span class=\"elementor-icon-list-text\">Referral of unemployed persons to job vacancies<\/span>\n\t\t\t\t\t\t\t\t\t<\/li>\n\t\t\t\t\t\t<\/ul>\n\t\t\t\t\t\t<\/div>\n\t\t\t\t<\/div>\n\t\t\t\t\t<\/div>\n\t\t<\/div>\n\t\t\t\t\t<\/div>\n\t\t<\/section>\n\t\t\t\t<section class=\"elementor-section elementor-top-section elementor-element elementor-element-fed21da elementor-section-height-min-height elementor-section-boxed elementor-section-height-default elementor-section-items-middle\" data-id=\"fed21da\" data-element_type=\"section\" data-e-type=\"section\" data-settings=\"{&quot;background_background&quot;:&quot;classic&quot;}\">\n\t\t\t\t\t\t\t<div class=\"elementor-background-overlay\"><\/div>\n\t\t\t\t\t\t\t<div class=\"elementor-container elementor-column-gap-default\">\n\t\t\t\t\t<div class=\"elementor-column elementor-col-100 elementor-top-column elementor-element elementor-element-a2f77d0\" data-id=\"a2f77d0\" data-element_type=\"column\" data-e-type=\"column\">\n\t\t\t<div class=\"elementor-widget-wrap elementor-element-populated\">\n\t\t\t\t\t\t<div class=\"elementor-element elementor-element-8cb17ba elementor-widget elementor-widget-elementskit-heading\" data-id=\"8cb17ba\" data-element_type=\"widget\" data-e-type=\"widget\" data-widget_type=\"elementskit-heading.default\">\n\t\t\t\t<div class=\"elementor-widget-container\">\n\t\t\t\t\t<div class=\"ekit-wid-con\" ><div class=\"ekit-heading elementskit-section-title-wraper text_left   ekit_heading_tablet-   ekit_heading_mobile-\"><h2 class=\"ekit-heading--title elementskit-section-title\">we transform your ideas<\/h2><div class=\"ekit_heading_separetor_wraper ekit_heading_elementskit-border-divider ekit-dotted\"><div class=\"elementskit-border-divider ekit-dotted\"><\/div><\/div><h3 class=\"ekit-heading--subtitle elementskit-section-subtitle\">\n\t\t\t\t\t\tThe opportunity to start your own business.\n\t\t\t\t\t<\/h3><\/div><\/div>\t\t\t\t<\/div>\n\t\t\t\t<\/div>\n\t\t\t\t<div class=\"elementor-element elementor-element-a3ffd91 elementor-align-left elementor-widget elementor-widget-elementskit-button\" data-id=\"a3ffd91\" data-element_type=\"widget\" data-e-type=\"widget\" data-widget_type=\"elementskit-button.default\">\n\t\t\t\t<div class=\"elementor-widget-container\">\n\t\t\t\t\t<div class=\"ekit-wid-con\" >\t\t<div class=\"ekit-btn-wraper\">\n\t\t\t\t\t\t\t<a href=\"https:\/\/economia-sustentavel.com\/en\/contactos\/\" class=\"elementskit-btn  whitespace--normal\" id=\"\">\n\t\t\t\t\tContact us\t\t\t\t<\/a>\n\t\t\t\t\t<\/div>\n        <\/div>\t\t\t\t<\/div>\n\t\t\t\t<\/div>\n\t\t\t\t\t<\/div>\n\t\t<\/div>\n\t\t\t\t\t<\/div>\n\t\t<\/section>\n\t\t\t\t<\/div>","protected":false},"excerpt":{"rendered":"<p>Gabinete inser\u00e7\u00e3o profissional A AESS funciona como Gabinete de Inser\u00e7\u00e3o Profissional em parceria com o IEFP, desde do dia 1 de Agosto de 2015. Este contrato tem a dura\u00e7\u00e3o de 1 ano e \u00e9 renov\u00e1vel por per\u00edodos iguais at\u00e9 3 anos. S\u00e3o realizadas em parceria com o IEFP as seguintes actividades: A\u00e7\u00f5es A\u00e7\u00f5es de informa\u00e7\u00e3o [&hellip;]<\/p>\n","protected":false},"author":1,"featured_media":0,"parent":0,"menu_order":0,"comment_status":"closed","ping_status":"closed","template":"elementor_header_footer","meta":{"footnotes":""},"class_list":["post-6248","page","type-page","status-publish","hentry"],"yoast_head":"<!-- This site is optimized with the Yoast SEO plugin v27.2 - https:\/\/yoast.com\/product\/yoast-seo-wordpress\/ -->\n<title>GIP - AESS economia sustentavel<\/title>\n<meta name=\"robots\" content=\"index, follow, max-snippet:-1, max-image-preview:large, max-video-preview:-1\" \/>\n<link rel=\"canonical\" href=\"https:\/\/economia-sustentavel.com\/en\/gip\/\" \/>\n<meta property=\"og:locale\" content=\"en_GB\" \/>\n<meta property=\"og:type\" content=\"article\" \/>\n<meta property=\"og:title\" content=\"GIP - AESS economia sustentavel\" \/>\n<meta property=\"og:description\" content=\"Gabinete inser\u00e7\u00e3o profissional A AESS funciona como Gabinete de Inser\u00e7\u00e3o Profissional em parceria com o IEFP, desde do dia 1 de Agosto de 2015. Este contrato tem a dura\u00e7\u00e3o de 1 ano e \u00e9 renov\u00e1vel por per\u00edodos iguais at\u00e9 3 anos. S\u00e3o realizadas em parceria com o IEFP as seguintes actividades: A\u00e7\u00f5es A\u00e7\u00f5es de informa\u00e7\u00e3o [&hellip;]\" \/>\n<meta property=\"og:url\" content=\"https:\/\/economia-sustentavel.com\/en\/gip\/\" \/>\n<meta property=\"og:site_name\" content=\"AESS economia sustentavel\" \/>\n<meta property=\"article:modified_time\" content=\"2025-10-04T07:33:01+00:00\" \/>\n<meta property=\"og:image\" content=\"https:\/\/economia-sustentavel.com\/wp-content\/uploads\/2020\/11\/GIP_0.jpg\" \/>\n\t<meta property=\"og:image:width\" content=\"495\" \/>\n\t<meta property=\"og:image:height\" content=\"319\" \/>\n\t<meta property=\"og:image:type\" content=\"image\/jpeg\" \/>\n<meta name=\"twitter:card\" content=\"summary_large_image\" \/>\n<meta name=\"twitter:label1\" content=\"Estimated reading time\" \/>\n\t<meta name=\"twitter:data1\" content=\"1 minute\" \/>\n<script type=\"application\/ld+json\" class=\"yoast-schema-graph\">{\"@context\":\"https:\/\/schema.org\",\"@graph\":[{\"@type\":\"WebPage\",\"@id\":\"https:\/\/economia-sustentavel.com\/gip\/\",\"url\":\"https:\/\/economia-sustentavel.com\/gip\/\",\"name\":\"GIP - AESS economia sustentavel\",\"isPartOf\":{\"@id\":\"https:\/\/economia-sustentavel.com\/#website\"},\"primaryImageOfPage\":{\"@id\":\"https:\/\/economia-sustentavel.com\/gip\/#primaryimage\"},\"image\":{\"@id\":\"https:\/\/economia-sustentavel.com\/gip\/#primaryimage\"},\"thumbnailUrl\":\"https:\/\/economia-sustentavel.com\/wp-content\/uploads\/2020\/11\/GIP_0.jpg\",\"datePublished\":\"2020-11-19T10:27:05+00:00\",\"dateModified\":\"2025-10-04T07:33:01+00:00\",\"breadcrumb\":{\"@id\":\"https:\/\/economia-sustentavel.com\/gip\/#breadcrumb\"},\"inLanguage\":\"en-GB\",\"potentialAction\":[{\"@type\":\"ReadAction\",\"target\":[\"https:\/\/economia-sustentavel.com\/gip\/\"]}]},{\"@type\":\"ImageObject\",\"inLanguage\":\"en-GB\",\"@id\":\"https:\/\/economia-sustentavel.com\/gip\/#primaryimage\",\"url\":\"https:\/\/economia-sustentavel.com\/wp-content\/uploads\/2020\/11\/GIP_0.jpg\",\"contentUrl\":\"https:\/\/economia-sustentavel.com\/wp-content\/uploads\/2020\/11\/GIP_0.jpg\"},{\"@type\":\"BreadcrumbList\",\"@id\":\"https:\/\/economia-sustentavel.com\/gip\/#breadcrumb\",\"itemListElement\":[{\"@type\":\"ListItem\",\"position\":1,\"name\":\"Home\",\"item\":\"https:\/\/economia-sustentavel.com\/\"},{\"@type\":\"ListItem\",\"position\":2,\"name\":\"GIP\"}]},{\"@type\":\"WebSite\",\"@id\":\"https:\/\/economia-sustentavel.com\/#website\",\"url\":\"https:\/\/economia-sustentavel.com\/\",\"name\":\"AESS economia sustentavel\",\"description\":\"Just another WordPress site\",\"potentialAction\":[{\"@type\":\"SearchAction\",\"target\":{\"@type\":\"EntryPoint\",\"urlTemplate\":\"https:\/\/economia-sustentavel.com\/?s={search_term_string}\"},\"query-input\":{\"@type\":\"PropertyValueSpecification\",\"valueRequired\":true,\"valueName\":\"search_term_string\"}}],\"inLanguage\":\"en-GB\"}]}<\/script>\n<!-- \/ Yoast SEO plugin. -->","yoast_head_json":{"title":"GIP - AESS economia sustentavel","robots":{"index":"index","follow":"follow","max-snippet":"max-snippet:-1","max-image-preview":"max-image-preview:large","max-video-preview":"max-video-preview:-1"},"canonical":"https:\/\/economia-sustentavel.com\/en\/gip\/","og_locale":"en_GB","og_type":"article","og_title":"GIP - AESS economia sustentavel","og_description":"Gabinete inser\u00e7\u00e3o profissional A AESS funciona como Gabinete de Inser\u00e7\u00e3o Profissional em parceria com o IEFP, desde do dia 1 de Agosto de 2015. Este contrato tem a dura\u00e7\u00e3o de 1 ano e \u00e9 renov\u00e1vel por per\u00edodos iguais at\u00e9 3 anos. S\u00e3o realizadas em parceria com o IEFP as seguintes actividades: A\u00e7\u00f5es A\u00e7\u00f5es de informa\u00e7\u00e3o [&hellip;]","og_url":"https:\/\/economia-sustentavel.com\/en\/gip\/","og_site_name":"AESS economia sustentavel","article_modified_time":"2025-10-04T07:33:01+00:00","og_image":[{"width":495,"height":319,"url":"https:\/\/economia-sustentavel.com\/wp-content\/uploads\/2020\/11\/GIP_0.jpg","type":"image\/jpeg"}],"twitter_card":"summary_large_image","twitter_misc":{"Estimated reading time":"1 minute"},"schema":{"@context":"https:\/\/schema.org","@graph":[{"@type":"WebPage","@id":"https:\/\/economia-sustentavel.com\/gip\/","url":"https:\/\/economia-sustentavel.com\/gip\/","name":"GIP - AESS economia sustentavel","isPartOf":{"@id":"https:\/\/economia-sustentavel.com\/#website"},"primaryImageOfPage":{"@id":"https:\/\/economia-sustentavel.com\/gip\/#primaryimage"},"image":{"@id":"https:\/\/economia-sustentavel.com\/gip\/#primaryimage"},"thumbnailUrl":"https:\/\/economia-sustentavel.com\/wp-content\/uploads\/2020\/11\/GIP_0.jpg","datePublished":"2020-11-19T10:27:05+00:00","dateModified":"2025-10-04T07:33:01+00:00","breadcrumb":{"@id":"https:\/\/economia-sustentavel.com\/gip\/#breadcrumb"},"inLanguage":"en-GB","potentialAction":[{"@type":"ReadAction","target":["https:\/\/economia-sustentavel.com\/gip\/"]}]},{"@type":"ImageObject","inLanguage":"en-GB","@id":"https:\/\/economia-sustentavel.com\/gip\/#primaryimage","url":"https:\/\/economia-sustentavel.com\/wp-content\/uploads\/2020\/11\/GIP_0.jpg","contentUrl":"https:\/\/economia-sustentavel.com\/wp-content\/uploads\/2020\/11\/GIP_0.jpg"},{"@type":"BreadcrumbList","@id":"https:\/\/economia-sustentavel.com\/gip\/#breadcrumb","itemListElement":[{"@type":"ListItem","position":1,"name":"Home","item":"https:\/\/economia-sustentavel.com\/"},{"@type":"ListItem","position":2,"name":"GIP"}]},{"@type":"WebSite","@id":"https:\/\/economia-sustentavel.com\/#website","url":"https:\/\/economia-sustentavel.com\/","name":"AESS economia sustentavel","description":"Just another WordPress site","potentialAction":[{"@type":"SearchAction","target":{"@type":"EntryPoint","urlTemplate":"https:\/\/economia-sustentavel.com\/?s={search_term_string}"},"query-input":{"@type":"PropertyValueSpecification","valueRequired":true,"valueName":"search_term_string"}}],"inLanguage":"en-GB"}]}},"_links":{"self":[{"href":"https:\/\/economia-sustentavel.com\/en\/wp-json\/wp\/v2\/pages\/6248","targetHints":{"allow":["GET"]}}],"collection":[{"href":"https:\/\/economia-sustentavel.com\/en\/wp-json\/wp\/v2\/pages"}],"about":[{"href":"https:\/\/economia-sustentavel.com\/en\/wp-json\/wp\/v2\/types\/page"}],"author":[{"embeddable":true,"href":"https:\/\/economia-sustentavel.com\/en\/wp-json\/wp\/v2\/users\/1"}],"replies":[{"embeddable":true,"href":"https:\/\/economia-sustentavel.com\/en\/wp-json\/wp\/v2\/comments?post=6248"}],"version-history":[{"count":33,"href":"https:\/\/economia-sustentavel.com\/en\/wp-json\/wp\/v2\/pages\/6248\/revisions"}],"predecessor-version":[{"id":7753,"href":"https:\/\/economia-sustentavel.com\/en\/wp-json\/wp\/v2\/pages\/6248\/revisions\/7753"}],"wp:attachment":[{"href":"https:\/\/economia-sustentavel.com\/en\/wp-json\/wp\/v2\/media?parent=6248"}],"curies":[{"name":"wp","href":"https:\/\/api.w.org\/{rel}","templated":true}]}}